{"id":1295,"date":"2014-08-22T14:28:08","date_gmt":"2014-08-22T14:28:08","guid":{"rendered":"http:\/\/implementadiy.com\/?page_id=1295"},"modified":"2014-08-22T14:28:08","modified_gmt":"2014-08-22T14:28:08","slug":"politica-de-privacidad","status":"publish","type":"page","link":"https:\/\/implementahc.com\/en\/politica-de-privacidad\/","title":{"rendered":"Pol\u00edtica de privacidad"},"content":{"rendered":"<p>Toda comunicaci\u00f3n con Implementa DIY por cualquier medio o a trav\u00e9s de su direcci\u00f3n de correo electr\u00f3nico, o de los formularios presentes en este &#8216;web site&#8217; o a su &#8216;e-mail&#8217;, supone el consentimiento expreso para que sus datos personales sean incorporados a ficheros titularidad de Implementa DIY.<\/p>\n<p>Estos datos de car\u00e1cter personal ser\u00e1n tratados conforme a lo dispuesto en la Ley Org\u00e1nica 15\/1999, de 13 de diciembre, de Protecci\u00f3n de Datos de Car\u00e1cter Personal.<\/p>\n<p>Por tanto, el interesado podr\u00e1 ejercer derecho de acceso, rectificaci\u00f3n, cancelaci\u00f3n y oposici\u00f3n con respecto a los datos personales que consten en los expresados ficheros, pudiendo revocar su consentimiento por escrito en cualquier momento.<\/p>\n<p>Para ello lo podr\u00e1n hacer mediante comunicaci\u00f3n escrita dirigida <a href=\"https:\/\/implementahc.com\/contacto\/\" title=\"Contacto\">IMPLEMENTA DIY<\/a><\/p>\n","protected":false},"excerpt":{"rendered":"<p>Toda comunicaci\u00f3n con Implementa DIY por cualquier medio o a trav\u00e9s de su direcci\u00f3n de correo electr\u00f3nico, o de los formularios presentes en este &#8216;web site&#8217; o a su &#8216;e-mail&#8217;, supone el consentimiento expreso para que sus datos personales sean incorporados a ficheros titularidad de Implementa DIY. Estos datos de car\u00e1cter personal ser\u00e1n tratados conforme [&hellip;]<\/p>\n","protected":false},"author":1,"featured_media":0,"parent":0,"menu_order":0,"comment_status":"open","ping_status":"open","template":"","meta":{"footnotes":""},"class_list":["post-1295","page","type-page","status-publish","hentry"],"_links":{"self":[{"href":"https:\/\/implementahc.com\/en\/wp-json\/wp\/v2\/pages\/1295","targetHints":{"allow":["GET"]}}],"collection":[{"href":"https:\/\/implementahc.com\/en\/wp-json\/wp\/v2\/pages"}],"about":[{"href":"https:\/\/implementahc.com\/en\/wp-json\/wp\/v2\/types\/page"}],"author":[{"embeddable":true,"href":"https:\/\/implementahc.com\/en\/wp-json\/wp\/v2\/users\/1"}],"replies":[{"embeddable":true,"href":"https:\/\/implementahc.com\/en\/wp-json\/wp\/v2\/comments?post=1295"}],"version-history":[{"count":0,"href":"https:\/\/implementahc.com\/en\/wp-json\/wp\/v2\/pages\/1295\/revisions"}],"wp:attachment":[{"href":"https:\/\/implementahc.com\/en\/wp-json\/wp\/v2\/media?parent=1295"}],"curies":[{"name":"wp","href":"https:\/\/api.w.org\/{rel}","templated":true}]}}