{"id":1297,"date":"2014-08-22T14:28:31","date_gmt":"2014-08-22T14:28:31","guid":{"rendered":"http:\/\/implementadiy.com\/?page_id=1297"},"modified":"2014-08-22T14:28:31","modified_gmt":"2014-08-22T14:28:31","slug":"politica-de-cookies","status":"publish","type":"page","link":"https:\/\/implementahc.com\/en\/politica-de-cookies\/","title":{"rendered":"Pol\u00edtica de cookies"},"content":{"rendered":"<p>Utilizamos cookies para facilitar el uso de nuestra p\u00e1gina web. Las cookies son peque\u00f1os ficheros de texto que su navegador almacena en el disco duro de su ordenador y que son necesarias para utilizar nuestra p\u00e1gina web. Las utilizamos para entender mejor la manera en la que se usa nuestra p\u00e1gina web y de esta manera poder mejorar consecuentemente el proceso de navegaci\u00f3n. <\/p>\n<p>Las cookies son el referente que nos indica, por ejemplo, si una p\u00e1gina de nuestra web ha sido vista con anterioridad, o si su visita es nueva o recurrente. Las cookies que utilizamos no almacenan datos personal alguno, ni ning\u00fan tipo de informaci\u00f3n que pueda identificarle. <\/p>\n<p>En caso de no querer recibir cookies, por favor configure su navegador de Internet para que las borre del disco duro de su ordenador, las bloquee o le avise en caso de instalaci\u00f3n de las mismas.<\/p>\n<p>\u2022\tInternet Explorer<br \/>\nwindows.microsoft.com\/es-xl\/internet-explorer\/delete-manage-cookies#ie=\u201die-10<br \/>\n\u2022\tFireFox:<br \/>\nsupport.mozilla.org\/es\/kb\/Borrar%20cookies<br \/>\n\u2022\tChrome:<br \/>\nhttps:\/\/support.google.com\/chrome\/answer\/95647?hl=es<br \/>\n\u2022\tSafari:<br \/>\nwww.apple.com\/es\/privacy\/use-of-cookies<\/p>\n","protected":false},"excerpt":{"rendered":"<p>Utilizamos cookies para facilitar el uso de nuestra p\u00e1gina web. Las cookies son peque\u00f1os ficheros de texto que su navegador almacena en el disco duro de su ordenador y que son necesarias para utilizar nuestra p\u00e1gina web. Las utilizamos para entender mejor la manera en la que se usa nuestra p\u00e1gina web y de esta [&hellip;]<\/p>\n","protected":false},"author":1,"featured_media":0,"parent":0,"menu_order":0,"comment_status":"closed","ping_status":"open","template":"","meta":{"footnotes":""},"class_list":["post-1297","page","type-page","status-publish","hentry"],"_links":{"self":[{"href":"https:\/\/implementahc.com\/en\/wp-json\/wp\/v2\/pages\/1297","targetHints":{"allow":["GET"]}}],"collection":[{"href":"https:\/\/implementahc.com\/en\/wp-json\/wp\/v2\/pages"}],"about":[{"href":"https:\/\/implementahc.com\/en\/wp-json\/wp\/v2\/types\/page"}],"author":[{"embeddable":true,"href":"https:\/\/implementahc.com\/en\/wp-json\/wp\/v2\/users\/1"}],"replies":[{"embeddable":true,"href":"https:\/\/implementahc.com\/en\/wp-json\/wp\/v2\/comments?post=1297"}],"version-history":[{"count":0,"href":"https:\/\/implementahc.com\/en\/wp-json\/wp\/v2\/pages\/1297\/revisions"}],"wp:attachment":[{"href":"https:\/\/implementahc.com\/en\/wp-json\/wp\/v2\/media?parent=1297"}],"curies":[{"name":"wp","href":"https:\/\/api.w.org\/{rel}","templated":true}]}}