{"id":1307,"date":"2014-08-22T15:30:09","date_gmt":"2014-08-22T15:30:09","guid":{"rendered":"http:\/\/implementadiy.com\/?page_id=1307"},"modified":"2014-08-22T15:30:09","modified_gmt":"2014-08-22T15:30:09","slug":"home-2","status":"publish","type":"page","link":"https:\/\/implementahc.com\/en\/home-2\/","title":{"rendered":"A propous de nous"},"content":{"rendered":"<script type=\"text\/javascript\">jQuery(function() { _initLayerSlider( '#layerslider_8_1woyhcfi7ngs6', {sliderVersion: '6.6.1', responsiveUnder: 0, layersContainer: 0, allowFullscreen: true, slideBGSize: 'auto', hideUnder: 0, hideOver: 100000, pauseOnHover: 1, keybNav: false, touchNav: false, skin: 'v5', sliderFadeInDuration: 350, navPrevNext: false, hoverPrevNext: false, navStartStop: false, navButtons: false, showCircleTimer: false, useSrcset: true, skinsPath: 'https:\/\/implementahc.com\/wp-content\/plugins\/LayerSlider\/assets\/static\/layerslider\/skins\/', performanceMode: true}); });<\/script><div id=\"layerslider_8_1woyhcfi7ngs6\"  class=\"ls-wp-container fitvidsignore ls-selectable\" style=\"width:1700px;height:700px;margin:0 auto;margin-bottom: 0px;\"><div class=\"ls-slide\" data-ls=\"bgsize:cover;duration:4000;\"><img loading=\"lazy\" decoding=\"async\" width=\"3046\" height=\"2000\" src=\"https:\/\/implementahc.com\/wp-content\/uploads\/2017\/10\/iStock-514756831.jpg\" class=\"ls-bg\" alt=\"\" srcset=\"https:\/\/implementahc.com\/wp-content\/uploads\/2017\/10\/iStock-514756831.jpg 3046w, https:\/\/implementahc.com\/wp-content\/uploads\/2017\/10\/iStock-514756831-300x197.jpg 300w, https:\/\/implementahc.com\/wp-content\/uploads\/2017\/10\/iStock-514756831-768x504.jpg 768w, https:\/\/implementahc.com\/wp-content\/uploads\/2017\/10\/iStock-514756831-1024x672.jpg 1024w\" sizes=\"auto, (max-width: 3046px) 100vw, 3046px\" \/><\/div><\/div>\n<div  class=\"pm-column-container \" style=\"background-color:#283E4E; background-repeat:repeat-x; text-align:left; padding-top:60px; padding-bottom:60px; border-top:0px solid #cd0428;\"><div class=\"container\"><\/p>\n<div class=\"row \"><\/p>\n<div class=\"col-lg-4 col-md-4 col-sm-4 col-xs-12 \"><\/p>\n<div class=\"row \"><\/p>\n<div class=\"col-lg-2 col-md-2 col-sm-3 col-xs-12 \"><\/p>\n<p><img loading=\"lazy\" decoding=\"async\" class=\"alignnone size-full wp-image-358\" src=\"https:\/\/implementahc.com\/wp-content\/uploads\/2014\/08\/01_service_icon.png\" alt=\"01_service_icon\" width=\"40\" height=\"59\" \/><\/p>\n<p><\/div>\n<div class=\"col-lg-10 col-md-10 col-sm-9 col-xs-12 pm-white-text\"><\/p>\n<h4>NOUS SOMMES VENDEURS<\/h4>\n<p>Les ventes sont notre passion. Nous gagnons d\u2019espace additionnel et visibilit\u00e9 dans le magasin pour augmenter le sell-out de votre marque.<\/p>\n<p><\/div>\n<p><\/div>\n<p><\/div>\n<div class=\"col-lg-4 col-md-4 col-sm-4 col-xs-12 \"><\/p>\n<div class=\"row \"><\/p>\n<div class=\"col-lg-2 col-md-2 col-sm-3 col-xs-12 \"><\/p>\n<p><img loading=\"lazy\" decoding=\"async\" class=\"alignnone wp-image-359 size-full\" src=\"https:\/\/implementahc.com\/wp-content\/uploads\/2014\/08\/02_service_icon.png\" alt=\"\" width=\"40\" height=\"59\" \/><\/p>\n<p><\/div>\n<div class=\"col-lg-10 col-md-10 col-sm-9 col-xs-12 pm-white-text\"><\/p>\n<h4>NOUS SOMMES SPECIALISTES<\/h4>\n<p>Nous travaillons uniquement dans le DIY (Do It Yourself), Bricolage, la Quincaillerie et le Traditionnel. On connait ce que le fabricant et le distributeur veulent dans ces canaux.<\/p>\n<p><\/div>\n<p><\/div>\n<p><\/div>\n<div class=\"col-lg-4 col-md-4 col-sm-4 col-xs-12 \"><\/p>\n<div class=\"row \"><\/p>\n<div class=\"col-lg-2 col-md-2 col-sm-3 col-xs-12 \"><\/p>\n<p><img loading=\"lazy\" decoding=\"async\" class=\"alignnone wp-image-360 size-full\" src=\"https:\/\/implementahc.com\/wp-content\/uploads\/2014\/08\/03_service_icon.png\" alt=\"\" width=\"40\" height=\"59\" \/><\/p>\n<p><\/div>\n<div class=\"col-lg-10 col-md-10 col-sm-9 col-xs-12 pm-white-text\"><\/p>\n<h4>NOUS SUIVONS UN PROCESSUS UNIQUE<\/h4>\n<p>Nous utilisons un processus qui marche: Implementa POS Managment Cycle. Un processus sp\u00e9cifique avec une technologie adapt\u00e9e \u00e0 KPI\u2019s.<br \/>\n<\/div>\n<p><\/div>\n<p><\/div>\n<p><\/div>\n<p><\/div><\/div>\n<div  class=\"pm-column-container \" style=\"background-color:transparent; background-repeat:repeat-x; text-align:left; padding-top:60px; padding-bottom:60px; border-top:1px solid ;\"><div class=\"container\"><\/p>\n<div class=\"row \"><\/p>\n<h2>On est fier de nos clients<\/h2>\n<p><ul class=\"pm-partners-carousel-posts\" id=\"pm-partners-carousel-owl\"><li><div class=\"pm-parnters-post-container\"><img decoding=\"async\" src=\"\" class=\"img-responsive\" alt=\"\"><\/div><\/li><\/ul><\/p>\n<p><\/div>\n<p><\/div><\/div>\n<div  class=\"pm-column-container \" style=\"background-color:transparent; background-repeat:repeat-x; text-align:left; padding-top:100px; padding-bottom:60px; border-top:1px solid #cd0428;\"><div class=\"container\"><\/p>\n<div class=\"row \"><\/p>\n<div class=\"col-lg-6 col-md-6 col-sm-12 col-xs-12 \"><\/p>\n<p><br \/>\n<\/br><br \/>\n<\/div>\n<div class=\"col-lg-6 col-md-6 col-sm-12 col-xs-12 pm-mobile-center\"><\/p>\n<h2>Presque le <strong>70% des d\u00e9cisions<\/strong> d\u2019achat sont faites \u00e0 le point de vente.<\/h2>\n<h6>Les marques du fabricant travaillent pour am\u00e9liorer leur espace dans la t\u00eate du consommateur.<\/h6>\n<h6>Nous travaillons pur maximiser l\u2019espace de n\u00f4tres marques repr\u00e9sent\u00e9es dans le point de vente au moyen de plus d\u2019espace, visibilit\u00e9 et la proposition de valeur.<\/h6>\n<div class=\"pm-rounded-btn   \" style=\"margin-top:20px; margin-bottom:20px;\"><a href=\"https:\/\/implementadiy.com\/fr\/nous-faisons\/\" target=\"_self\">N\u00f4tres services <i class=\"fa fa-angle-right\"><\/i><\/a><\/div>\n<p><\/div><br \/>\n<\/div>\n<p><\/div><\/div>\n<div  class=\"pm-column-container\" style=\"background-color:transparent; background-repeat:repeat-x; text-align:left; padding-top:60px; padding-bottom:60px; border-top:5px solid #cd0428;\"><div class=\"pm-column-container-icon\" style=\"border:5px solid #cd0428;\"><i class=\"typcn typcn-star\"><\/i><\/div><div class=\"container\"><\/p>\n<div class=\"row \"><\/p>\n<div class=\"col-lg-3 col-md-3 col-sm-6 col-xs-12 \"><br \/>\n<div class=\"milestone \"><i class=\"\"><\/i><div class=\"milestone-content\" style=\"font-size:60px;\"> <span data-speed=\"2000\" data-stop=\"100\" class=\"milestone-value\"><\/span>%<div class=\"milestone-description\">Couverture g\u00e9ographique (Espagne et Portugal)<\/div><\/div><\/div>\n<p><\/div>\n<div class=\"col-lg-3 col-md-3 col-sm-6 col-xs-12 \"><\/p>\n<div class=\"milestone alt\"><i class=\"\"><\/i><div class=\"milestone-content\" style=\"font-size:60px;\"> <span data-speed=\"2000\" data-stop=\"200\" class=\"milestone-value\"><\/span>%<div class=\"milestone-description\">DIY points de vente (Grandes Surfaces) visit\u00e9s<\/div><\/div><\/div>\n<p><\/div>\n<div class=\"col-lg-3 col-md-3 col-sm-6 col-xs-12 \"><\/p>\n<div class=\"milestone alt already-animated\">\n<div class=\"milestone-content\" style=\"font-size:60px;\"> <span data-speed=\"2000\" data-stop=\"3\" class=\"milestone-value\" style=\"margin-bottom: 16px !important;\">3<\/span><\/p>\n<div class=\"milestone-description\" style=\"font-size: 16px !important;\">Canaux: DIY (Bricolage), Quincaillerie et Canal Traditional<\/div>\n<\/div>\n<\/div>\n<p><\/div>\n<div class=\"col-lg-3 col-md-3 col-sm-6 col-xs-12 \"><\/p>\n<div class=\"milestone \"><i class=\"\"><\/i><div class=\"milestone-content\" style=\"font-size:60px;\"> <span data-speed=\"2000\" data-stop=\"100\" class=\"milestone-value\"><\/span>%<div class=\"milestone-description\">Processus unique de cycle de vente<\/div><\/div><\/div>\n<p><\/div>\n<p><\/div>\n<p><\/div><\/div>\n","protected":false},"excerpt":{"rendered":"NOUS SOMMES VENDEURS Les ventes sont notre passion. Nous gagnons d\u2019espace additionnel et visibilit\u00e9 dans le magasin pour augmenter le sell-out de votre marque. NOUS SOMMES SPECIALISTES Nous travaillons uniquement dans le DIY (Do It Yourself), Bricolage, la Quincaillerie et le Traditionnel. On connait ce que le fabricant et le distributeur veulent dans ces canaux. [...]","protected":false},"author":1,"featured_media":0,"parent":0,"menu_order":0,"comment_status":"closed","ping_status":"open","template":"","meta":{"footnotes":""},"class_list":["post-1307","page","type-page","status-publish","hentry"],"_links":{"self":[{"href":"https:\/\/implementahc.com\/en\/wp-json\/wp\/v2\/pages\/1307","targetHints":{"allow":["GET"]}}],"collection":[{"href":"https:\/\/implementahc.com\/en\/wp-json\/wp\/v2\/pages"}],"about":[{"href":"https:\/\/implementahc.com\/en\/wp-json\/wp\/v2\/types\/page"}],"author":[{"embeddable":true,"href":"https:\/\/implementahc.com\/en\/wp-json\/wp\/v2\/users\/1"}],"replies":[{"embeddable":true,"href":"https:\/\/implementahc.com\/en\/wp-json\/wp\/v2\/comments?post=1307"}],"version-history":[{"count":0,"href":"https:\/\/implementahc.com\/en\/wp-json\/wp\/v2\/pages\/1307\/revisions"}],"wp:attachment":[{"href":"https:\/\/implementahc.com\/en\/wp-json\/wp\/v2\/media?parent=1307"}],"curies":[{"name":"wp","href":"https:\/\/api.w.org\/{rel}","templated":true}]}}