{"id":1308,"date":"2014-08-22T15:30:16","date_gmt":"2014-08-22T15:30:16","guid":{"rendered":"http:\/\/implementadiy.com\/?page_id=1308"},"modified":"2014-08-22T15:30:16","modified_gmt":"2014-08-22T15:30:16","slug":"home-3","status":"publish","type":"page","link":"https:\/\/implementahc.com\/en\/home-3\/","title":{"rendered":"STARTSEITE"},"content":{"rendered":"<script type=\"text\/javascript\">jQuery(function() { _initLayerSlider( '#layerslider_7_118kwz6j0l8cb', {sliderVersion: '6.6.1', type: 'fullwidth', responsiveUnder: 1280, allowFullscreen: true, hideUnder: 0, hideOver: 100000, startInViewport: false, pauseOnHover: 1, keybNav: false, touchNav: false, twoWaySlideshow: true, skin: 'fullwidth', sliderFadeInDuration: 350, globalBGColor: 'transparent', navStartStop: false, navButtons: false, useSrcset: false, skinsPath: 'https:\/\/implementahc.com\/wp-content\/plugins\/LayerSlider\/assets\/static\/layerslider\/skins\/', performanceMode: true}); });<\/script><link href=\"https:\/\/fonts.googleapis.com\/css?family=Open+Sans:100,100i,200,200i,300,300i,400,400i,500,500i,600,600i,700,700i,800,800i,900,900i%7CLato:100,100i,200,200i,300,300i,400,400i,500,500i,600,600i,700,700i,800,800i,900,900i\" rel=\"stylesheet\"><div id=\"layerslider_7_118kwz6j0l8cb\"  class=\"ls-wp-container fitvidsignore ls-selectable\" style=\"width:1280px;height:500px;margin:0 auto;margin-bottom: 0px;\"><div class=\"ls-slide\" data-ls=\"duration:4000;transition2d:1;timeshift:-1000;\"><img loading=\"lazy\" decoding=\"async\" width=\"1920\" height=\"650\" src=\"https:\/\/implementahc.com\/wp-content\/uploads\/2017\/10\/slide-9.jpg\" class=\"ls-bg\" alt=\"\"   \/><p style=\"padding-top:0px;padding-right:10px;padding-bottom:0px;padding-left:10px;font-family:'Open Sans';font-size:90px;color:#ffffff;background:#050505;border-radius:5px;top:156px;left:43px;\" class=\"ls-l ls-text-layer\" data-ls=\"offsetyin:300;offsetyout:-50;easingout:easeInOutQuart;scalexout:1.2;scaleyout:1.2;transformoriginout:50% top 0;parallaxlevel:0;\">IMPLEMENTA HC<\/p><h1 style=\"font-weight: 300;padding-top:5px;padding-right:10px;padding-bottom:5px;padding-left:10px;font-family: 'Open Sans';font-size:29px;color:#ffffff;border-radius:5px;top:296px;left:43px;background:rgba(0, 0, 0, 0.54);\" class=\"ls-l ls-text-layer\" data-ls=\"offsetxin:80;offsetxout:-80;durationout:400;parallaxlevel:0;\">Vitaminas para sus ventas<\/h1><p style=\"font-weight: 300;height:40px;padding-right:10px;padding-left:10px;font-family:Lato, 'Open Sans', sans-serif;font-size:30px;line-height:37px;color:#ffffff;background:#c30826;border-radius:3px;top:393px;left:43px;\" class=\"ls-l ls-text-layer\" data-ls=\"durationin:2000;delayin:1500;easingin:easeOutElastic;rotatexin:-90;transformoriginin:50% top 0;offsetxout:-200;parallaxlevel:0;\">ESPECIALISTAS EN PUNTO DE VENTA<\/p><a style=\"\" class=\"ls-l\" href=\"#2\" target=\"_self\" data-ls=\"offsetxin:-50;delayin:1000;rotatein:-40;offsetxout:-50;durationout:400;rotateout:-40;parallaxlevel:0;\"><p style=\"top:460px;left:610px;\" class=\"ls-text-layer\"><\/p><\/a><\/div><div class=\"ls-slide\" data-ls=\"bgsize:contain;bgcolor:#ffffff;duration:4000;transition2d:1;timeshift:-1000;\"><img loading=\"lazy\" decoding=\"async\" width=\"863\" height=\"382\" src=\"https:\/\/implementahc.com\/wp-content\/uploads\/2021\/03\/image003.png\" class=\"ls-bg\" alt=\"\"   \/><p style=\"font-family:'Open Sans';font-size:65px;color:#ffffff;top:148px;left:43px;background:rgba(0, 0, 0, 0.64);\" class=\"ls-l ls-text-layer\" data-ls=\"offsetxin:80;offsetxout:-80;durationout:400;parallaxlevel:0;\">REDES DE VTAS Y COMERCIALIZACION<\/p><p style=\"font-weight: 300;height:40px;padding-right:10px;padding-left:10px;font-family:'Open Sans';font-size:30px;line-height:37px;color:#ffffff;background:#c30826;border-radius:3px;top:303px;left:46px;\" class=\"ls-l ls-text-layer\" data-ls=\"durationin:2000;delayin:1500;easingin:easeOutElastic;rotatexin:-90;transformoriginin:50% top 0;offsetxout:-200;parallax:true;\">INTRODUCIMOS SUS MARCAS EN CANAL MODERNO<\/p><\/div><div class=\"ls-slide\" data-ls=\"duration:4000;\"><img loading=\"lazy\" decoding=\"async\" width=\"4000\" height=\"2667\" src=\"https:\/\/implementahc.com\/wp-content\/uploads\/2017\/10\/iStock-488842242.jpg\" class=\"ls-bg\" alt=\"\"   \/><p style=\"padding-right:10px;padding-left:10px;font-family:'Open Sans';font-size:60px;color:#ffffff;background:#424141;border-radius:5px;top:240px;left:76px;\" class=\"ls-l ls-text-layer\" data-ls=\"offsetxin:80;offsetxout:-80;durationout:400;parallaxlevel:0;\">PUNTO DE VENTA<\/p><p style=\"height:40px;padding-right:10px;padding-left:10px;font-family:'Open Sans';font-size:30px;line-height:37px;color:#ffffff;background:#c30826;border-radius:3px;top:333px;left:76px;\" class=\"ls-l ls-text-layer\" data-ls=\"offsetxin:80;delayin:750;offsetxout:-80;durationout:400;parallaxlevel:0;\">GANAMOS ESPACIO ADICIONALES Y VISIBILIDAD<\/p><\/div><\/div>\n<div  class=\"pm-column-container \" style=\"background-color:#283E4E; background-repeat:repeat-x; text-align:left; padding-top:60px; padding-bottom:60px; border-top:0px solid #cd0428;\"><div class=\"container\"><\/p>\n<div class=\"row \"><\/p>\n<div class=\"col-lg-4 col-md-4 col-sm-4 col-xs-12 \"><\/p>\n<div class=\"row \"><\/p>\n<div class=\"col-lg-2 col-md-2 col-sm-3 col-xs-12 \"><\/p>\n<p><img loading=\"lazy\" decoding=\"async\" class=\"alignnone size-full wp-image-358\" src=\"https:\/\/implementahc.com\/wp-content\/uploads\/2014\/08\/01_service_icon.png\" alt=\"01_service_icon\" width=\"40\" height=\"59\" \/><\/p>\n<p><\/div>\n<div class=\"col-lg-10 col-md-10 col-sm-9 col-xs-12 pm-white-text\"><\/p>\n<h4>WIR SIND VERK\u00c4UFER<\/h4>\n<p>Verkaufen ist unsere Leidenschaft. Wir generieren zus\u00e4tzlichen Raum f\u00fcr mehr Pr\u00e4senz und Umsatz.<\/p>\n<p><\/div>\n<p><\/div>\n<p><\/div>\n<div class=\"col-lg-4 col-md-4 col-sm-4 col-xs-12 \"><\/p>\n<div class=\"row \"><\/p>\n<div class=\"col-lg-2 col-md-2 col-sm-3 col-xs-12 \"><\/p>\n<p><img loading=\"lazy\" decoding=\"async\" class=\"alignnone wp-image-359 size-full\" src=\"https:\/\/implementahc.com\/wp-content\/uploads\/2014\/08\/02_service_icon.png\" alt=\"\" width=\"40\" height=\"59\" \/><\/p>\n<p><\/div>\n<div class=\"col-lg-10 col-md-10 col-sm-9 col-xs-12 pm-white-text\"><\/p>\n<h4>WIR SIND SPEZIALISTEN<\/h4>\n<p>Wir arbeiten nur mit DIY (Do It Yourself \u2013 \u201eHeimwerker\u201c) Gewerben, Baum\u00e4rkten und herk\u00f6mmlichen Gesch\u00e4ften. Wir kennen die spezifischen Bed\u00fcrfnisse der Marke, der (Gro\u00df-)H\u00e4ndler und der Kunden in dieser Branche.<br \/>\n<\/div>\n<p><\/div>\n<p><\/div>\n<div class=\"col-lg-4 col-md-4 col-sm-4 col-xs-12 \"><\/p>\n<div class=\"row \"><\/p>\n<div class=\"col-lg-2 col-md-2 col-sm-3 col-xs-12 \"><\/p>\n<p><img loading=\"lazy\" decoding=\"async\" class=\"alignnone wp-image-360 size-full\" src=\"https:\/\/implementahc.com\/wp-content\/uploads\/2014\/08\/03_service_icon.png\" alt=\"\" width=\"40\" height=\"59\" \/><\/p>\n<p><\/div>\n<div class=\"col-lg-10 col-md-10 col-sm-9 col-xs-12 pm-white-text\"><\/p>\n<h4>WIR FOLGEN EINEM EINZIGARTIGEN PROZESS<\/h4>\n<p>Wir verwenden einen Prozess der funktioniert: Implementa POS Managementzyklus, ein spezieller Prozess, mit an die KPI\u2019s angepasster Technik.<br \/>\n<\/div>\n<p><\/div>\n<p><\/div>\n<p><\/div>\n<p><\/div><\/div>\n<div  class=\"pm-column-container \" style=\"background-color:transparent; background-repeat:repeat-x; text-align:left; padding-top:60px; padding-bottom:60px; border-top:1px solid ;\"><div class=\"container\"><\/p>\n<div class=\"row \"><\/p>\n<h2>Unsere Kunden sind unser ganzer Stolz<\/h2>\n<p><ul class=\"pm-partners-carousel-posts\" id=\"pm-partners-carousel-owl\"><li><div class=\"pm-parnters-post-container\"><img decoding=\"async\" src=\"\" class=\"img-responsive\" alt=\"\"><\/div><\/li><\/ul><\/p>\n<p><\/div>\n<p><\/div><\/div>\n<div  class=\"pm-column-container \" style=\"background-color:transparent; background-repeat:repeat-x; text-align:left; padding-top:100px; padding-bottom:60px; border-top:1px solid #cd0428;\"><div class=\"container\"><\/p>\n<div class=\"row \"><\/p>\n<div class=\"col-lg-6 col-md-6 col-sm-12 col-xs-12 \"><\/p>\n<p><br \/>\n<\/br><br \/>\n<\/div>\n<div class=\"col-lg-6 col-md-6 col-sm-12 col-xs-12 pm-mobile-center\"><\/p>\n<h2>Fast<strong> 70% der Kaufentscheidungen<\/strong> geschehen an der Verkaufsstelle.<\/h2>\n<h6>Die Hersteller arbeiten an mehr Raum f\u00fcr Ihre Marken in den K\u00f6pfen der Kunden. <\/h6>\n<h6>Wir arbeiten daran, den Platz unserer vertretenen Marken an der Verkaufsstelle zu maximieren, indem wir mehr Platz, Pr\u00e4senz und Nutzenversprechen (Charakteristiken, Vorteile und Gewinn) erreichen, sowohl im Einkauf als auch im Verkauf.<\/h6>\n<div class=\"pm-rounded-btn   \" style=\"margin-top:20px; margin-bottom:20px;\"><a href=\"https:\/\/implementadiy.com\/de\/was-wir-tun\/\" target=\"_self\">UNSERE DIENSTLEISUNGEN <i class=\"fa fa-angle-right\"><\/i><\/a><\/div>\n<p><\/div><br \/>\n<\/div>\n<p><\/div><\/div>\n<div  class=\"pm-column-container\" style=\"background-color:transparent; background-repeat:repeat-x; text-align:left; padding-top:60px; padding-bottom:60px; border-top:5px solid #cd0428;\"><div class=\"pm-column-container-icon\" style=\"border:5px solid #cd0428;\"><i class=\"typcn typcn-star\"><\/i><\/div><div class=\"container\"><\/p>\n<div class=\"row \"><\/p>\n<div class=\"col-lg-3 col-md-3 col-sm-6 col-xs-12 \"><br \/>\n<div class=\"milestone \"><i class=\"\"><\/i><div class=\"milestone-content\" style=\"font-size:60px;\"> <span data-speed=\"2000\" data-stop=\"100\" class=\"milestone-value\"><\/span>%<div class=\"milestone-description\">Geographische Abdeckung (Spanien und Portugal)<\/br><\/div><\/div><\/div>\n<p><\/div>\n<div class=\"col-lg-3 col-md-3 col-sm-6 col-xs-12 \"><\/p>\n<div class=\"milestone alt\"><i class=\"\"><\/i><div class=\"milestone-content\" style=\"font-size:60px;\"> <span data-speed=\"2000\" data-stop=\"200\" class=\"milestone-value\"><\/span>%<div class=\"milestone-description\">Besuchte DIY Verkaufsstellen (Gro\u00dfmarkt)<\/div><\/div><\/div>\n<p><\/div>\n<div class=\"col-lg-3 col-md-3 col-sm-6 col-xs-12 \"><\/p>\n<div class=\"milestone alt already-animated\">\n<div class=\"milestone-content\" style=\"font-size:60px;\"> <span data-speed=\"2000\" data-stop=\"3\" class=\"milestone-value\" style=\"margin-bottom: 16px !important;\">3<\/span><\/p>\n<div class=\"milestone-description\" style=\"font-size: 16px !important;\">Vertriebswege: DIY, Baum\u00e4rkte und herk\u00f6mmliche Verkaufsstellen<\/div>\n<\/div>\n<\/div>\n<p><\/div>\n<div class=\"col-lg-3 col-md-3 col-sm-6 col-xs-12 \"><\/p>\n<div class=\"milestone \"><i class=\"\"><\/i><div class=\"milestone-content\" style=\"font-size:60px;\"> <span data-speed=\"2000\" data-stop=\"100\" class=\"milestone-value\"><\/span>%<div class=\"milestone-description\">Einzigartiger Ablauf des Verkaufszyklus<\/div><\/div><\/div>\n<p><\/div>\n<p><\/div>\n<p><\/div><\/div>\n","protected":false},"excerpt":{"rendered":"IMPLEMENTA HCVitaminas para sus ventasESPECIALISTAS EN PUNTO DE VENTAREDES DE VTAS Y COMERCIALIZACIONINTRODUCIMOS SUS MARCAS EN CANAL MODERNOPUNTO DE VENTAGANAMOS ESPACIO ADICIONALES Y VISIBILIDAD WIR SIND VERK\u00c4UFER Verkaufen ist unsere Leidenschaft. Wir generieren zus\u00e4tzlichen Raum f\u00fcr mehr Pr\u00e4senz und Umsatz. WIR SIND SPEZIALISTEN Wir arbeiten nur mit DIY (Do It Yourself \u2013 \u201eHeimwerker\u201c) Gewerben, Baum\u00e4rkten [...]","protected":false},"author":1,"featured_media":0,"parent":0,"menu_order":0,"comment_status":"closed","ping_status":"open","template":"","meta":{"footnotes":""},"class_list":["post-1308","page","type-page","status-publish","hentry"],"_links":{"self":[{"href":"https:\/\/implementahc.com\/en\/wp-json\/wp\/v2\/pages\/1308","targetHints":{"allow":["GET"]}}],"collection":[{"href":"https:\/\/implementahc.com\/en\/wp-json\/wp\/v2\/pages"}],"about":[{"href":"https:\/\/implementahc.com\/en\/wp-json\/wp\/v2\/types\/page"}],"author":[{"embeddable":true,"href":"https:\/\/implementahc.com\/en\/wp-json\/wp\/v2\/users\/1"}],"replies":[{"embeddable":true,"href":"https:\/\/implementahc.com\/en\/wp-json\/wp\/v2\/comments?post=1308"}],"version-history":[{"count":0,"href":"https:\/\/implementahc.com\/en\/wp-json\/wp\/v2\/pages\/1308\/revisions"}],"wp:attachment":[{"href":"https:\/\/implementahc.com\/en\/wp-json\/wp\/v2\/media?parent=1308"}],"curies":[{"name":"wp","href":"https:\/\/api.w.org\/{rel}","templated":true}]}}