{"id":1722,"date":"2014-09-23T08:59:36","date_gmt":"2014-09-23T08:59:36","guid":{"rendered":"http:\/\/implementadiy.com\/?page_id=1722"},"modified":"2014-09-23T08:59:36","modified_gmt":"2014-09-23T08:59:36","slug":"kanale","status":"publish","type":"page","link":"https:\/\/implementahc.com\/en\/kanale\/","title":{"rendered":"KAN\u00c4LE"},"content":{"rendered":"<div  class=\"pm-column-container pm-center\" style=\"background-color:transparent; background-repeat:repeat-x; text-align:left; padding-top:60px; padding-bottom:20px;\"><div class=\"container\"><\/p>\n<div class=\"row pm-large-font\"><\/p>\n<p>Implementa DIY ist spezialisiert in Sales Outsourcing und kommerzieller Repr\u00e4sentation in der DIY Branche, Baum\u00e4rkten und \u00fcblichen Baumaterialgesch\u00e4ften.<\/p>\n<p><\/div><br \/>\n<\/div><\/div>\n<div  class=\"pm-column-container pm-center\" style=\"background-color:transparent; background-repeat:repeat-x; text-align:left; padding-top:60px; padding-bottom:0px;\"><div class=\"container\"><br \/>\n<div class=\"row \"><\/p>\n<div class=\"col-lg-4 col-md-4 col-sm-4 col-xs-12 \"><br \/>\n<div class=\"pm-icon-box\"><span class=\"fa fa-cut typcn-size5\" style=\"color:#cd0428;\"><\/span><\/div>\n<h5>Do it yourself<\/h5>\n<div class=\"pm-divider\" style=\"height:1px; background-color:#D9D9D9; margin:20px 0px;\"><\/div><br \/>\n<\/div>\n<div class=\"col-lg-4 col-md-4 col-sm-4 col-xs-12 \"><br \/>\n<div class=\"pm-icon-box\"><span class=\"fa fa-wrench typcn-size5\" style=\"color:#cd0428;\"><\/span><\/div>\n<h5>Baum\u00e4kte\/Eisenwarengesch\u00e4fte<\/h5>\n<div class=\"pm-divider\" style=\"height:1px; background-color:#D9D9D9; margin:20px 0px;\"><\/div><br \/>\n<\/div>\n<div class=\"col-lg-4 col-md-4 col-sm-4 col-xs-12 \"><br \/>\n<div class=\"pm-icon-box\"><span class=\"fa fa-hospital-o typcn-size5\" style=\"color:#cd0428;\"><\/span><\/div>\n<h5>Tradintionelle kan\u00e4le<\/h5>\n<div class=\"pm-divider\" style=\"height:1px; background-color:#D9D9D9; margin:20px 0px;\"><\/div>\n<p><\/div><br \/>\n<\/div>\n<p><\/div><\/div>\n<div  class=\"pm-column-container \" style=\"background-color:transparent; background-repeat:repeat-x; text-align:left; padding-top:0px; padding-bottom:20px;\"><div class=\"container\"><br \/>\n<div class=\"row \"><\/p>\n<div class=\"col-lg-4 col-md-4 col-sm-4 col-xs-12 \"><\/p>\n<ul>\n<li>Gro\u00dfm\u00e4rkte DIY<\/li>\n<p><strong>Leroy Merlin, Bauhaus, Bricor<\/strong><\/p>\n<li>Mittlere Gesch\u00e4ftsgr\u00f6\u00dfen: <\/li>\n<p><strong>Aki, Bricor City, Bricoking<\/strong><\/p>\n<li>Hard Discount: <\/li>\n<p><strong>Bricodepot y Bricomart<\/strong><\/p>\n<li>Gro\u00dfm\u00e4rkte:<\/li>\n<p><strong>El Corte Ingl\u00e9s<\/strong><\/p>\n<li>&#8211;\tGro\u00dfm\u00e4rkte in der Verpflegung: <\/li>\n<p><strong>Carrefour, Alcampo, Eroski, Makro mit DIY Abteilung<\/strong>\n<\/ul>\n<p><\/div>\n<div class=\"col-lg-4 col-md-4 col-sm-4 col-xs-12 \"><br \/>\n<strong>U.a. besuchen wir:\t<\/strong><\/p>\n<ul>\n<li>QF+<\/li>\n<li>Cadena 88\/Ehlis<\/li>\n<li>Comafe<\/li>\n<li>Coferdroza<\/li>\n<li>Coinfer<\/li>\n<li>Und weitere Ketten<\/li>\n<\/ul>\n<p><\/div>\n<div class=\"col-lg-4 col-md-4 col-sm-4 col-xs-12 \"><\/p>\n<ul>\n<li>Cealco<\/li>\n<li>Almagrupo<\/li>\n<li>Saint Gobain<\/li>\n<li>Saltoki<\/li>\n<li>Gamma<\/li>\n<li>Bigmat<\/li>\n<li>Und gro\u00dfe Sanit\u00e4tsversorger<\/li>\n<\/ul>\n<p><\/div><br \/>\n<\/div>\n<p><\/div><\/div>\n<div class=\"pm-column-container \" style=\"background-color:transparent; background-repeat:repeat-x; text-align:left; padding-top:0px; padding-bottom:20px;\"><div class=\"container\"><br \/>\n<div class=\"row \"><br \/>\nWir generieren die perfekt passenden periodischen Routen f\u00fcr Besuche, basierend auf unserem Wissen \u00fcber den Umsatz pro Gesch\u00e4ft und dessen Potential.<br \/>\n<div class=\"pm-divider\" style=\"height:0px; background-color:#D9D9D9; margin:20px 0px;\"><\/div><br \/>\n<strong>Abteilungen mit denen wir in der DIY Branche arbeiten:<\/strong><br \/>\n<div class=\"col-lg-4 col-md-4 col-sm-4 col-xs-12 \"><\/p>\n<ul>\n<li>Belichtung<\/li>\n<li>Deko<\/li>\n<li>Malerei<\/li>\n<li>Silikon<\/li>\n<li>Klebstoff<\/li>\n<\/ul>\n<p><\/div>\n<div class=\"col-lg-4 col-md-4 col-sm-4 col-xs-12 \"><\/p>\n<ul>\n<li>Drogerie<\/li>\n<li>Heizung<\/li>\n<li>Werkzeug<\/li>\n<li>Eisenwaren<\/li>\n<li>Einrichtung<\/li>\n<\/ul>\n<p><\/div>\n<div class=\"col-lg-4 col-md-4 col-sm-4 col-xs-12 \">\n<ul>\n<li>K\u00fcche<\/li>\n<li>G\u00e4rtnerei<\/li>\n<li>Holzhandel<\/li>\n<li>Bau<\/li>\n<li>B\u00e4der<\/li>\n<\/ul>\n<p><\/div><br \/>\n<\/div>\n<p><\/div><\/div><br \/>\n<div  class=\"pm-column-container \" style=\"background-color:transparent; background-repeat:repeat-x; text-align:left; padding-top:0px; padding-bottom:60px;\"><div class=\"container\"><\/p>\n<div class=\"pm-divider\" style=\"height:2px; background-color:#E3E3E3; margin:40px 0px;\"><\/div><br \/>\n<div class=\"row pm-row-margin-30\"><br \/>\n<div class=\"col-lg-4 col-md-4 col-sm-4 col-xs-12 \"><br \/>\n<div class=\"pm-icon-bundle\" style=\"margin-top:0px; margin-bottom:0px;\"><i class=\"fa fa-info\"><\/i><div class=\"pm-icon-bundle-content\"><p><a href=\"https:\/\/implementadiy.com\/de\/was-wir-tun\/\" target=\"_self\">Unsere dienstleistungen <i class=\"fa fa-angle-right\"><\/i><\/a><\/p><\/div><\/div><br \/>\n<\/div><br \/>\n<div class=\"col-lg-4 col-md-4 col-sm-4 col-xs-12 \"><br \/>\n<div class=\"pm-icon-bundle\" style=\"margin-top:0px; margin-bottom:0px;\"><i class=\"fa fa-cogs\"><\/i><div class=\"pm-icon-bundle-content\"><p><a href=\"https:\/\/implementadiy.com\/de\/ablauf\/\" target=\"_self\">Unsere methoden <i class=\"fa fa-angle-right\"><\/i><\/a><\/p><\/div><\/div><br \/>\n<\/div><br \/>\n<div class=\"col-lg-4 col-md-4 col-sm-4 col-xs-12 \"><br \/>\n<div class=\"pm-icon-bundle\" style=\"margin-top:0px; margin-bottom:0px;\"><i class=\"fa fa-envelope-o\"><\/i><div class=\"pm-icon-bundle-content\"><p><a href=\"https:\/\/implementadiy.com\/de\/kontakt\/\" target=\"_self\">Kontakt <i class=\"fa fa-angle-right\"><\/i><\/a><\/p><\/div><\/div><br \/>\n<\/div><br \/>\n<\/div>\n<p><\/div><\/div>\n","protected":false},"excerpt":{"rendered":"Implementa DIY ist spezialisiert in Sales Outsourcing und kommerzieller Repr\u00e4sentation in der DIY Branche, Baum\u00e4rkten und \u00fcblichen Baumaterialgesch\u00e4ften. Do it yourself Baum\u00e4kte\/Eisenwarengesch\u00e4fte Tradintionelle kan\u00e4le Gro\u00dfm\u00e4rkte DIY Leroy Merlin, Bauhaus, Bricor Mittlere Gesch\u00e4ftsgr\u00f6\u00dfen: Aki, Bricor City, Bricoking Hard Discount: Bricodepot y Bricomart Gro\u00dfm\u00e4rkte: El Corte Ingl\u00e9s - Gro\u00dfm\u00e4rkte in der Verpflegung: Carrefour, Alcampo, Eroski, Makro mit [...]","protected":false},"author":1,"featured_media":0,"parent":0,"menu_order":0,"comment_status":"closed","ping_status":"open","template":"","meta":{"footnotes":""},"class_list":["post-1722","page","type-page","status-publish","hentry"],"_links":{"self":[{"href":"https:\/\/implementahc.com\/en\/wp-json\/wp\/v2\/pages\/1722","targetHints":{"allow":["GET"]}}],"collection":[{"href":"https:\/\/implementahc.com\/en\/wp-json\/wp\/v2\/pages"}],"about":[{"href":"https:\/\/implementahc.com\/en\/wp-json\/wp\/v2\/types\/page"}],"author":[{"embeddable":true,"href":"https:\/\/implementahc.com\/en\/wp-json\/wp\/v2\/users\/1"}],"replies":[{"embeddable":true,"href":"https:\/\/implementahc.com\/en\/wp-json\/wp\/v2\/comments?post=1722"}],"version-history":[{"count":0,"href":"https:\/\/implementahc.com\/en\/wp-json\/wp\/v2\/pages\/1722\/revisions"}],"wp:attachment":[{"href":"https:\/\/implementahc.com\/en\/wp-json\/wp\/v2\/media?parent=1722"}],"curies":[{"name":"wp","href":"https:\/\/api.w.org\/{rel}","templated":true}]}}