{"id":1742,"date":"2014-09-23T10:13:01","date_gmt":"2014-09-23T10:13:01","guid":{"rendered":"http:\/\/implementadiy.com\/?page_id=1742"},"modified":"2014-09-23T10:13:01","modified_gmt":"2014-09-23T10:13:01","slug":"unsere-firma","status":"publish","type":"page","link":"https:\/\/implementahc.com\/en\/unsere-firma\/","title":{"rendered":"Unsere firma"},"content":{"rendered":"<div  class=\"pm-column-container pm-center\" style=\"background-color:transparent; background-repeat:repeat-x; text-align:left; padding-top:60px; padding-bottom:20px;\"><div class=\"container\"><\/p>\n<div class=\"row pm-large-font\"><\/p>\n<p>IImplementa DIY ist spezialisiert in <strong>Outsourcing <\/strong>des Verkaufspersonals und in <strong>Gewerbedarstellung <\/strong>f\u00fcr die DIY Branche, Baum\u00e4rkte und traditionelle Baumaterialgesch\u00e4fte.<\/p>\n<p><\/div><br \/>\n<div class=\"pm-divider\" style=\"height:1px; background-color:#E3E3E3; margin:20px 0px;\"><\/div><br \/>\n<br \/>\n<div class=\"pm-divider\" style=\"height:0px; background-color:#E3E3E3; margin:20px 0px;\"><\/div>\n<p><\/div><\/div>\n<div  class=\"pm-column-containerpm-center\" style=\"background-color:#242424; background-repeat:repeat-x; text-align:left; padding-top:30px; padding-bottom:0px; border-top:8px solid #cd0428;\"><div class=\"pm-column-container-icon\" style=\"border:8px solid #cd0428;\"><i class=\"fa-bar-chart-o\"><\/i><\/div><div class=\"container\"><br \/>\n<div class=\"pm-cta-container \"><div class=\"pm-cta-divider\" style=\"background-color:#cd0428;\"><\/div><p class=\"pm-cta-text\">Unsere Ziele sind:<\/p><div class=\"pm-cta-divider\" style=\"background-color:#cd0428;\"><\/div><\/div>\n<p><\/div><\/div>\n<div  class=\"pm-column-container pm-center\" style=\"background-color:transparent; background-repeat:repeat-x; text-align:left; padding-top:60px; padding-bottom:20px;\"><div class=\"container\"><br \/>\n<div class=\"row \"><\/p>\n<div class=\"col-lg-6 col-md-6 col-sm-6 col-xs-12 \"><br \/>\n<div class=\"pm-icon-box\"><span class=\"fa fa-home typcn-size5\" style=\"color:#cd0428;\"><\/span><\/div>\n<h5>Die verkaufsstelle<\/h5>\n<div class=\"pm-divider\" style=\"height:1px; background-color:#D9D9D9; margin:20px 0px;\"><\/div>\n<p>Wir steigern den Umsatz und den Marktanteil unserer vertretenen Marken, indem wir die Spanne und die Sichtbarkeit der Produkte durch klare Kommunikation ihrer Charakteristiken, Vorteile und des Ertrages maximieren.<\/p>\n<p><\/div>\n<div class=\"col-lg-6 col-md-6 col-sm-6 col-xs-12 \"><br \/>\n<div class=\"pm-icon-box\"><span class=\"fa fa-shopping-cart typcn-size5\" style=\"color:#cd0428;\"><\/span><\/div>\n<h5>Vermarktung<\/h5>\n<div class=\"pm-divider\" style=\"height:1px; background-color:#D9D9D9; margin:20px 0px;\"><\/div>\n<p>Wir f\u00fchren diejenigen europ\u00e4ischen Firmen, die nicht in der DIY Branche, den Eisenwaren- oder traditionellen Gesch\u00e4ften pr\u00e4sent sind in Spanien und Portugal ein, vertreten sie und erh\u00f6hen ihren Umsatz. Wir konzentrieren uns besonders auf gro\u00dfe und medium DIY Fl\u00e4chen, Hard Discount Stores und FMGC Gesch\u00e4fte mit DIY Abteilungen.<br \/>\n<\/div>\n<p><\/div>\n<p><\/div><\/div>\n<div  class=\"pm-column-container \" style=\"background-color:transparent; background-repeat:repeat-x; text-align:left; padding-top:0px; padding-bottom:60px;\"><div class=\"container\"><\/p>\n<div class=\"row \"><\/p>\n<div class=\"col-lg-12 col-md-12 col-sm-12 col-xs-12 pm-medium-font\"><\/p>\n<div class=\"pm-divider\" style=\"height:0px; background-color:#D9D9D9; margin:70px 0px;\"><\/div>\n<p><strong>Implementa DIY<\/strong> ist Partner mit der Firma <strong>Balgal<\/strong>, gegr\u00fcndet in 2003, F\u00fchrer in Sales Outsourcing und spezialisiert in Verkauf und Team Management. <\/p>\n<p>Balgal z\u00e4hlt \u00fcber <strong>150 Verkaufsspezialisten<\/strong> und befindet sich in der Top 8 der Firmen in der Branche (Quelle: Alimarket). Wir verbinden die Technologie von Balgal mit der <\/p>\n<p>Kompetenz und dem Fachwissen von Implementa in der DIY Branche, im Sinne von Ausstattung, Kunden, und Arbeitsmethoden.<\/p>\n<p><\/div>\n<p><\/div>\n<p><\/div><\/div>\n<div  class=\"pm-column-container pm-mobile-center\" style=\"background-color:transparent; background-repeat:repeat-x; text-align:left; padding-top:0px; padding-bottom:60px; border-top:0px solid #DBC164;\"><div class=\"container\"><\/p>\n<div class=\"pm-divider\" style=\"height:2px; background-color:#E3E3E3; margin:40px 0px;\"><\/div><br \/>\n<div class=\"row pm-row-margin-30\"><br \/>\n<div class=\"col-lg-3 col-md-3 col-sm-3 col-xs-12 \"><br \/>\n<div class=\"pm-icon-bundle\" style=\"margin-top:0px; margin-bottom:0px;\"><i class=\"fa fa-info\"><\/i><div class=\"pm-icon-bundle-content\"><p><a href=\"https:\/\/implementadiy.com\/de\/was-wir-tun\/\" target=\"_self\">Unsere dienstleistungen <i class=\"fa fa-angle-right\"><\/i><\/a><\/p><\/div><\/div><br \/>\n<\/div><br \/>\n<div class=\"col-lg-3 col-md-3 col-sm-3 col-xs-12 \"><br \/>\n<div class=\"pm-icon-bundle\" style=\"margin-top:0px; margin-bottom:0px;\"><i class=\"fa fa-sitemap\"><\/i><div class=\"pm-icon-bundle-content\"><p><a href=\"https:\/\/implementadiy.com\/de\/kanale\/\" target=\"_self\">Unsere vertriebswege <i class=\"fa fa-angle-right\"><\/i><\/a><\/p><\/div><\/div><br \/>\n<\/div><br \/>\n<div class=\"col-lg-3 col-md-3 col-sm-3 col-xs-12 \"><br \/>\n<div class=\"pm-icon-bundle\" style=\"margin-top:0px; margin-bottom:0px;\"><i class=\"fa fa-cogs\"><\/i><div class=\"pm-icon-bundle-content\"><p><a href=\"https:\/\/implementadiy.com\/de\/ablauf\/\" target=\"_self\">Unsere methoden <i class=\"fa fa-angle-right\"><\/i><\/a><\/p><\/div><\/div><br \/>\n<\/div><br \/>\n<div class=\"col-lg-3 col-md-3 col-sm-3 col-xs-12 \"><br \/>\n<div class=\"pm-icon-bundle\" style=\"margin-top:0px; margin-bottom:0px;\"><i class=\"fa fa-envelope-o\"><\/i><div class=\"pm-icon-bundle-content\"><p><a href=\"https:\/\/implementadiy.com\/de\/kontakt\/\" target=\"_self\">Kontakt <i class=\"fa fa-angle-right\"><\/i><\/a><\/p><\/div><\/div><br \/>\n<\/div>\n<p><\/div><br \/>\n<\/div><\/div>\n","protected":false},"excerpt":{"rendered":"IImplementa DIY ist spezialisiert in Outsourcing des Verkaufspersonals und in Gewerbedarstellung f\u00fcr die DIY Branche, Baum\u00e4rkte und traditionelle Baumaterialgesch\u00e4fte. Unsere Ziele sind: Die verkaufsstelle Wir steigern den Umsatz und den Marktanteil unserer vertretenen Marken, indem wir die Spanne und die Sichtbarkeit der Produkte durch klare Kommunikation ihrer Charakteristiken, Vorteile und des Ertrages maximieren. Vermarktung Wir [...]","protected":false},"author":1,"featured_media":0,"parent":0,"menu_order":0,"comment_status":"closed","ping_status":"open","template":"","meta":{"footnotes":""},"class_list":["post-1742","page","type-page","status-publish","hentry"],"_links":{"self":[{"href":"https:\/\/implementahc.com\/en\/wp-json\/wp\/v2\/pages\/1742","targetHints":{"allow":["GET"]}}],"collection":[{"href":"https:\/\/implementahc.com\/en\/wp-json\/wp\/v2\/pages"}],"about":[{"href":"https:\/\/implementahc.com\/en\/wp-json\/wp\/v2\/types\/page"}],"author":[{"embeddable":true,"href":"https:\/\/implementahc.com\/en\/wp-json\/wp\/v2\/users\/1"}],"replies":[{"embeddable":true,"href":"https:\/\/implementahc.com\/en\/wp-json\/wp\/v2\/comments?post=1742"}],"version-history":[{"count":0,"href":"https:\/\/implementahc.com\/en\/wp-json\/wp\/v2\/pages\/1742\/revisions"}],"wp:attachment":[{"href":"https:\/\/implementahc.com\/en\/wp-json\/wp\/v2\/media?parent=1742"}],"curies":[{"name":"wp","href":"https:\/\/api.w.org\/{rel}","templated":true}]}}