{"id":1746,"date":"2014-09-23T10:14:45","date_gmt":"2014-09-23T10:14:45","guid":{"rendered":"http:\/\/implementadiy.com\/?page_id=1746"},"modified":"2014-09-23T10:14:45","modified_gmt":"2014-09-23T10:14:45","slug":"werte","status":"publish","type":"page","link":"https:\/\/implementahc.com\/en\/werte\/","title":{"rendered":"Werte"},"content":{"rendered":"<div  class=\"pm-column-container \" style=\"background-color:transparent; background-repeat:repeat-x; text-align:left; padding-top:60px; padding-bottom:60px;\"><div class=\"container\"><\/p>\n<div class=\"row \"><\/p>\n<div class=\"col-lg-6 col-md-6 col-sm-6 col-xs-12 \"><br \/>\n<div class=\"pm-quantum-alert-message\"><i class=\"fa fa-certificate\" style=\"background-color:#cd0428;\"><\/i><p class=\"pm-quantum-alert-title\">Wir sind Verk\u00e4ufer<\/p><p class=\"pm-quantum-alert-details\">Unser Hauptwert ist Ums\u00e4tze zu erzielen durch:<\/p>\n<ul>\n<li>Geradlinige Ausdehnung der Spannweite<\/li>\n<li>Kontrolle der vorhandenen Ausstellungsfl\u00e4che<\/li>\n<li>Zus\u00e4tzliche Ausstellungsfl\u00e4chen an der Regalfront<\/li>\n<li>Bildung neuer Standorte<\/li>\n<li>Schaffung weiterer Cross-selling Zonen<\/li>\n<li>Kreation impulsiver Verkaufsstellen<\/li>\n<\/ul>\n<p>Wir gehen viel weiter als die \u00fcblichen Dienstleistungen traditioneller Kaufm\u00e4nner bei Bestandskontrolle, Preisen und Produktplatzierung.<\/p><\/div>\n<p><\/div>\n<div class=\"col-lg-6 col-md-6 col-sm-6 col-xs-12 \"><\/p>\n<div class=\"pm-quantum-alert-message\"><i class=\"fa fa-check-circle-o\" style=\"background-color:#cd0428;\"><\/i><p class=\"pm-quantum-alert-title\">Spezialisierung<\/p><p class=\"pm-quantum-alert-details\">Wir sind Spezialisten in der DIY Branche, Baum\u00e4rkten und traditionellen Gesch\u00e4ftsstellen. Diese Vertriebswege haben etwas gemein:<br \/>\nDer Marktwert ist nicht nur emotional, sondern ist die Basis des Produktvorteils, der kommuniziert werden muss.<\/p>\n<p>Wir steigern den Verkauf des Produktes an den Verkaufsstellen durch Demonstration, Kommunikation und Gestaltung, indem wir die Charakteristiken, die Vorteile und den Ertrag maximieren.<\/p><\/div>\n<p><\/div><br \/>\n<\/div><br \/>\n<div class=\"row pm-row-margin-30\"><br \/>\n<div class=\"col-lg-6 col-md-6 col-sm-6 col-xs-12 \"><br \/>\n<div class=\"pm-quantum-alert-message\"><i class=\"fa fa-tablet\" style=\"background-color:#cd0428;\"><\/i><p class=\"pm-quantum-alert-title\">Technologie<\/p><p class=\"pm-quantum-alert-details\">Wir verwenden Technologie um Entscheidungen voranzutreiben. Unsere H\u00e4ndler sind mit einem Tablet an den Verkaufsstellen und sammeln f\u00fcr den Kunden interessante Informationen.<\/p>\n<p>Unser Wertzusatz ist es, diese Information an die Schaltbretter zu \u00fcbertragen, die es erlauben Entscheidungen von Gro\u00dfkundenleiter und Gesch\u00e4ftsmanager zu treffen.<\/p>\n<p><\/p><\/div>\n<p><\/div>\n<div class=\"col-lg-6 col-md-6 col-sm-6 col-xs-12 \"><\/p>\n<div class=\"pm-quantum-alert-message\"><i class=\"fa fa-thumbs-o-up\" style=\"background-color:#cd0428;\"><\/i><p class=\"pm-quantum-alert-title\">Volle teilhaber<\/p><p class=\"pm-quantum-alert-details\">Wir sind authentische Partner unserer Kunden, einschlie\u00dflich:<\/p>\n<ul>\n<li>Wir bieten keine Dienstleistungen an Konkurrenten.<\/li>\n<li>Wir teilen Risikos: z.B. wenn wir bei Verhandlungen um mehr Raum diesen nicht gewinnen, wird es nicht berechnet.<\/li>\n<\/ul>\n<p><\/p><\/div>\n<p><\/div>\n<p><\/div><br \/>\n<div class=\"pm-divider\" style=\"height:2px; background-color:#E3E3E3; margin:40px 0px;\"><\/div><br \/>\n<div class=\"row pm-row-margin-30\"><br \/>\n<div class=\"col-lg-3 col-md-3 col-sm-3 col-xs-12 \"><br \/>\n<div class=\"pm-icon-bundle\" style=\"margin-top:0px; margin-bottom:0px;\"><i class=\"fa fa-info\"><\/i><div class=\"pm-icon-bundle-content\"><p><a href=\"https:\/\/implementadiy.com\/de\/was-wir-tun\/\" target=\"_self\">Unsere dienstleistungen <i class=\"fa fa-angle-right\"><\/i><\/a><\/p><\/div><\/div><br \/>\n<\/div><br \/>\n<div class=\"col-lg-3 col-md-3 col-sm-3 col-xs-12 \"><br \/>\n<div class=\"pm-icon-bundle\" style=\"margin-top:0px; margin-bottom:0px;\"><i class=\"fa fa-sitemap\"><\/i><div class=\"pm-icon-bundle-content\"><p><a href=\"https:\/\/implementadiy.com\/de\/kanale\/\" target=\"_self\">Unsere vertriebswege <i class=\"fa fa-angle-right\"><\/i><\/a><\/p><\/div><\/div><br \/>\n<\/div><br \/>\n<div class=\"col-lg-3 col-md-3 col-sm-3 col-xs-12 \"><br \/>\n<div class=\"pm-icon-bundle\" style=\"margin-top:0px; margin-bottom:0px;\"><i class=\"fa fa-cogs\"><\/i><div class=\"pm-icon-bundle-content\"><p><a href=\"https:\/\/implementadiy.com\/de\/ablauf\/\" target=\"_self\">Unsere methoden <i class=\"fa fa-angle-right\"><\/i><\/a><\/p><\/div><\/div><br \/>\n<\/div><br \/>\n<div class=\"col-lg-3 col-md-3 col-sm-3 col-xs-12 \"><br \/>\n<div class=\"pm-icon-bundle\" style=\"margin-top:0px; margin-bottom:0px;\"><i class=\"fa fa-envelope-o\"><\/i><div class=\"pm-icon-bundle-content\"><p><a href=\"https:\/\/implementadiy.com\/de\/kontakt\/\" target=\"_self\">Kontakt <i class=\"fa fa-angle-right\"><\/i><\/a><\/p><\/div><\/div><br \/>\n<\/div><br \/>\n<\/div><br \/>\n<\/div><\/div>\n","protected":false},"excerpt":{"rendered":"Wir sind Verk\u00e4uferUnser Hauptwert ist Ums\u00e4tze zu erzielen durch: Geradlinige Ausdehnung der Spannweite Kontrolle der vorhandenen Ausstellungsfl\u00e4che Zus\u00e4tzliche Ausstellungsfl\u00e4chen an der Regalfront Bildung neuer Standorte Schaffung weiterer Cross-selling Zonen Kreation impulsiver Verkaufsstellen Wir gehen viel weiter als die \u00fcblichen Dienstleistungen traditioneller Kaufm\u00e4nner bei Bestandskontrolle, Preisen und Produktplatzierung. SpezialisierungWir sind Spezialisten in der DIY Branche, Baum\u00e4rkten [...]","protected":false},"author":1,"featured_media":0,"parent":0,"menu_order":0,"comment_status":"closed","ping_status":"open","template":"","meta":{"footnotes":""},"class_list":["post-1746","page","type-page","status-publish","hentry"],"_links":{"self":[{"href":"https:\/\/implementahc.com\/en\/wp-json\/wp\/v2\/pages\/1746","targetHints":{"allow":["GET"]}}],"collection":[{"href":"https:\/\/implementahc.com\/en\/wp-json\/wp\/v2\/pages"}],"about":[{"href":"https:\/\/implementahc.com\/en\/wp-json\/wp\/v2\/types\/page"}],"author":[{"embeddable":true,"href":"https:\/\/implementahc.com\/en\/wp-json\/wp\/v2\/users\/1"}],"replies":[{"embeddable":true,"href":"https:\/\/implementahc.com\/en\/wp-json\/wp\/v2\/comments?post=1746"}],"version-history":[{"count":0,"href":"https:\/\/implementahc.com\/en\/wp-json\/wp\/v2\/pages\/1746\/revisions"}],"wp:attachment":[{"href":"https:\/\/implementahc.com\/en\/wp-json\/wp\/v2\/media?parent=1746"}],"curies":[{"name":"wp","href":"https:\/\/api.w.org\/{rel}","templated":true}]}}