{"id":1752,"date":"2014-09-23T10:38:19","date_gmt":"2014-09-23T10:38:19","guid":{"rendered":"http:\/\/implementadiy.com\/?page_id=1752"},"modified":"2014-09-23T10:38:19","modified_gmt":"2014-09-23T10:38:19","slug":"mission-2","status":"publish","type":"page","link":"https:\/\/implementahc.com\/en\/mission-2\/","title":{"rendered":"Mission"},"content":{"rendered":"<div  class=\"pm-column-container \" style=\"background-color:#ececec; background-repeat:repeat-x; text-align:left; padding-top:60px; padding-bottom:60px;\"><div class=\"container\">\n<div class=\"row \"><br \/>\n<div class=\"col-lg-12 col-md-12 col-sm-12 col-xs-12 pm-large-font pm-center\"><\/p>\n<h6 style=\"font-size: 26px;line-height: 30px;\">Implementa DIY bietet einen geeigneten Prozess f\u00fcr Verkaufsmanagement (Implementa POS Management Zyklus), der schon f\u00fcr eine ganze Gruppe ausgew\u00e4hlter Firmen, die ihren Verkaufsanteil vergr\u00f6\u00dfern wollten, erfolgreich funktioniert hat.<\/h6>\n<p><\/div><br \/>\n<\/div>\n<p><\/div><\/div><br \/>\n<div class=\"pm-divider\" style=\"height:3px; background-color:#cd0428; margin:0px 0px;\"><\/div><br \/>\n<div  class=\"pm-column-container \" style=\"background-color:#232323; background-repeat:repeat-x; text-align:left; padding-top:60px; padding-bottom:60px;\"><div class=\"container\"><\/p>\n<div class=\"row \"><br \/>\n<div class=\"col-lg-6 col-md-6 col-sm-12 col-xs-12 pm-center\"><br \/>\n<img decoding=\"async\" src=\"https:\/\/implementahc.com\/wp-content\/uploads\/2014\/08\/QUIM-RIERA-IMPLEMETA-DIY-span6-400-copia.jpg\" style=\"border-radius: 10px; margin-top: 14px;\" alt=\"Quim Riera, Implementa DIY. Barcelona\" width=\"auto\" height=\"auto\" class=\"alignnone size-full wp-image-1388\" \/><\/p>\n<p><\/div>\n<div class=\"col-lg-6 col-md-6 col-sm-12 col-xs-12 pm-white-text\">\n<div class=\"alert alert-warning alert-dismissible\" role=\"alert\"><i class=\"\"><\/i>Implemente DIY wurde im Jahr 2014 von <strong>Quim Riera<\/strong> gegr\u00fcndet.<\/p>\n<p>Sein Fachwissen basiert auf Management und Erweiterung des Verkaufszyklus in gro\u00dfen Bereichen der Vertriebswege von Do it Yourself und traditionellen Gewerben der Branche. Des Weiteren ist er Spezialist in der Gestaltung und Anwendung des Key Account Plans f\u00fcr besagte Vertriebswege.<\/p>\n<p>Quim Riera hat seine Karriere in der Verkaufsabteilung von Procter &#038; Gamble in 1997 gestartet. Danach war er nationaler Hauptauftraggeber bei <strong>Coca-Cola<\/strong> und <strong>Pastas Gallo<\/strong> f\u00fcr 7 Jahre, gefolgt von 6 Jahren als Au\u00dfendienstleiter bei Grobe Spanien.<\/p>\n<p>W\u00e4hrend dieser Zeit bei <strong>Grobe <\/strong>Spanien war sein erfolgreiches Hauptprojekt die Neugr\u00fcndung und die Weiterentwicklung des DIY-Kanals um die Schwierigkeiten und Probleme die sich 2008 in der Branche aufgetan haben zu vermeiden.<\/p>\n<p>In demselben Jahr hat er direkt mit der Gr\u00fcndung und dem Management von Leroy Merlin gestartet, was mit den heutzutage f\u00fcnf besten Ketten der Branche (Bauhaus, Aki, Bricor und BricoDepot) fortgesetzt wurde.<\/p>\n<p>In den Jahren 2008-2014 ist dieser Kanal in der Firma mit bedeutender St\u00e4rke deutlich gewachsen und macht heute einen gro\u00dfen Vorteil gegen\u00fcber Konkurrenten aus. Dieses Projekt hat die n\u00f6tigen Grundsteine f\u00fcr die heutige Firma Implementa DIY gelegt.<\/p>\n<p>Quim Riera hat einen Businessabschluss von <strong>ESADE <\/strong>in Barcelona und hat Science Management an der HEC Montreal in Kanada studiert in 1996.<\/div>\n<div class=\"pm-divider\" style=\"height:1px; background-color:#cd0428; margin:20px 0px;\"><\/div><br \/>\n<a href=\"https:\/\/es.linkedin.com\/pub\/quim-riera-ras\/5\/824\/39a\" target=\"_blank\"><div class=\"pm-icon-box\"><span class=\"fa fa-linkedin typcn-size3\" style=\"color:#ffffff;\"><\/span><\/div><\/a><\/p>\n<p><\/div><br \/>\n<\/div><br \/>\n<\/div><\/div>\n<div  class=\"pm-column-container pm-mobile-center\" style=\"background-color:transparent; background-repeat:repeat-x; text-align:left; padding-top:0px; padding-bottom:60px; border-top:0px solid #DBC164;\"><div class=\"container\"><\/p>\n<div class=\"pm-divider\" style=\"height:2px; background-color:#E3E3E3; margin:40px 0px;\"><\/div><br \/>\n<div class=\"row pm-row-margin-30\"><br \/>\n<div class=\"col-lg-3 col-md-3 col-sm-3 col-xs-12 \"><br \/>\n<div class=\"pm-icon-bundle\" style=\"margin-top:0px; margin-bottom:0px;\"><i class=\"fa fa-info\"><\/i><div class=\"pm-icon-bundle-content\"><p><a href=\"https:\/\/implementadiy.com\/de\/was-wir-tun\/\" target=\"_self\">Unsere dienstleistungen <i class=\"fa fa-angle-right\"><\/i><\/a><\/p><\/div><\/div><br \/>\n<\/div><br \/>\n<div class=\"col-lg-3 col-md-3 col-sm-3 col-xs-12 \"><br \/>\n<div class=\"pm-icon-bundle\" style=\"margin-top:0px; margin-bottom:0px;\"><i class=\"fa fa-sitemap\"><\/i><div class=\"pm-icon-bundle-content\"><p><a href=\"https:\/\/implementadiy.com\/de\/kanale\/\" target=\"_self\">Unsere vertriebswege <i class=\"fa fa-angle-right\"><\/i><\/a><\/p><\/div><\/div><br \/>\n<\/div><br \/>\n<div class=\"col-lg-3 col-md-3 col-sm-3 col-xs-12 \"><br \/>\n<div class=\"pm-icon-bundle\" style=\"margin-top:0px; margin-bottom:0px;\"><i class=\"fa fa-cogs\"><\/i><div class=\"pm-icon-bundle-content\"><p><a href=\"https:\/\/implementadiy.com\/de\/ablauf\/\" target=\"_self\">Unsere methoden <i class=\"fa fa-angle-right\"><\/i><\/a><\/p><\/div><\/div><br \/>\n<\/div><br \/>\n<div class=\"col-lg-3 col-md-3 col-sm-3 col-xs-12 \"><br \/>\n<div class=\"pm-icon-bundle\" style=\"margin-top:0px; margin-bottom:0px;\"><i class=\"fa fa-envelope-o\"><\/i><div class=\"pm-icon-bundle-content\"><p><a href=\"https:\/\/implementadiy.com\/de\/kontakt\/\" target=\"_self\">Kontakt <i class=\"fa fa-angle-right\"><\/i><\/a><\/p><\/div><\/div><br \/>\n<\/div>\n<p><\/div><br \/>\n<\/div><\/div>\n","protected":false},"excerpt":{"rendered":"Implementa DIY bietet einen geeigneten Prozess f\u00fcr Verkaufsmanagement (Implementa POS Management Zyklus), der schon f\u00fcr eine ganze Gruppe ausgew\u00e4hlter Firmen, die ihren Verkaufsanteil vergr\u00f6\u00dfern wollten, erfolgreich funktioniert hat. Implemente DIY wurde im Jahr 2014 von Quim Riera gegr\u00fcndet. Sein Fachwissen basiert auf Management und Erweiterung des Verkaufszyklus in gro\u00dfen Bereichen der Vertriebswege von Do it [...]","protected":false},"author":1,"featured_media":0,"parent":0,"menu_order":0,"comment_status":"closed","ping_status":"open","template":"","meta":{"footnotes":""},"class_list":["post-1752","page","type-page","status-publish","hentry"],"_links":{"self":[{"href":"https:\/\/implementahc.com\/en\/wp-json\/wp\/v2\/pages\/1752","targetHints":{"allow":["GET"]}}],"collection":[{"href":"https:\/\/implementahc.com\/en\/wp-json\/wp\/v2\/pages"}],"about":[{"href":"https:\/\/implementahc.com\/en\/wp-json\/wp\/v2\/types\/page"}],"author":[{"embeddable":true,"href":"https:\/\/implementahc.com\/en\/wp-json\/wp\/v2\/users\/1"}],"replies":[{"embeddable":true,"href":"https:\/\/implementahc.com\/en\/wp-json\/wp\/v2\/comments?post=1752"}],"version-history":[{"count":0,"href":"https:\/\/implementahc.com\/en\/wp-json\/wp\/v2\/pages\/1752\/revisions"}],"wp:attachment":[{"href":"https:\/\/implementahc.com\/en\/wp-json\/wp\/v2\/media?parent=1752"}],"curies":[{"name":"wp","href":"https:\/\/api.w.org\/{rel}","templated":true}]}}