{"id":1756,"date":"2014-09-23T10:41:52","date_gmt":"2014-09-23T10:41:52","guid":{"rendered":"http:\/\/implementadiy.com\/?page_id=1756"},"modified":"2014-09-23T10:41:52","modified_gmt":"2014-09-23T10:41:52","slug":"was-wir-tun","status":"publish","type":"page","link":"https:\/\/implementahc.com\/en\/was-wir-tun\/","title":{"rendered":"Was wir tun"},"content":{"rendered":"<div  class=\"pm-column-container \" style=\"background-color:transparent; background-repeat:repeat-x; text-align:left; padding-top:60px; padding-bottom:0px; border-top:0px solid #DBC164;\"><div class=\"container\"><\/p>\n<div class=\"col-lg-6 col-md-6 col-sm-6 col-xs-12 pm-medium-font pm-white-text\"><\/p>\n<div class=\"pm-icon-bundle\" style=\"margin-top:0px; margin-bottom:0px;\"><i class=\"fa fa-building\"><\/i><div class=\"pm-icon-bundle-content\"><p><a href=\"https:\/\/implementadiy.com\/de\/was-wir-tun\/verkaufsstellen\/\" target=\"_self\">Verkaufsstellen <i class=\"fa fa-angle-right\"><\/i><\/a><\/p><\/div><\/div>\n<p><\/div><br \/>\n<div class=\"col-lg-6 col-md-6 col-sm-6 col-xs-12 \"><br \/>\n<div class=\"pm-icon-bundle\" style=\"margin-top:0px; margin-bottom:0px;\"><i class=\"fa fa-shopping-cart\"><\/i><div class=\"pm-icon-bundle-content\"><p><a href=\"https:\/\/implementadiy.com\/de\/was-wir-tun\/vermarktung\/\" target=\"_self\">Vermarktung <i class=\"fa fa-angle-right\"><\/i><\/a><\/p><\/div><\/div><br \/>\n<\/div><br \/>\n<\/div><\/div>\n<div  class=\"pm-column-container pm-white-text\" style=\"background-color:#transparent; background-repeat:repeat-x; text-align:left; padding-top:0px; padding-bottom:60px; border-top:0px solid #DBC164;\"><div class=\"container\"><br \/>\n<div class=\"col-lg-6 col-md-6 col-sm-6 col-xs-12 pm-medium-font\"><\/p>\n<ul>\n<li><strong>Auslagerung<\/strong>des Verkaufsmanagements<\/li>\n<li>Management der <strong>Verkaufsstellen<\/strong><\/li>\n<li><strong>Saisonbedingt <\/strong>Aktionen<\/li>\n<li>Besondere Ma\u00dfnahmen in bestimmten Bereichen<\/li>\n<li>Umsetzung von Planogrammen, Werbekalendern und Audits<\/li>\n<li><strong>Tele-Shopping<\/strong> in \u00fcblichen Projekten<\/li>\n<\/ul>\n<p><\/div>\n<div class=\"col-lg-6 col-md-6 col-sm-6 col-xs-12 pm-medium-font\"><\/p>\n<ul>\n<li>Einf\u00fchrung und Vertretung Ihrer Produkte (Vermarktung)<\/li>\n<li><strong>Erg\u00e4nzende Dienstleistungen<\/strong> zur Vermarktung<\/li>\n<\/ul>\n<p><\/div>\n<p><\/div><\/div>\n","protected":false},"excerpt":{"rendered":"Verkaufsstellen Vermarktung Auslagerungdes Verkaufsmanagements Management der Verkaufsstellen Saisonbedingt Aktionen Besondere Ma\u00dfnahmen in bestimmten Bereichen Umsetzung von Planogrammen, Werbekalendern und Audits Tele-Shopping in \u00fcblichen Projekten Einf\u00fchrung und Vertretung Ihrer Produkte (Vermarktung) Erg\u00e4nzende Dienstleistungen zur Vermarktung","protected":false},"author":1,"featured_media":0,"parent":0,"menu_order":0,"comment_status":"closed","ping_status":"open","template":"","meta":{"footnotes":""},"class_list":["post-1756","page","type-page","status-publish","hentry"],"_links":{"self":[{"href":"https:\/\/implementahc.com\/en\/wp-json\/wp\/v2\/pages\/1756","targetHints":{"allow":["GET"]}}],"collection":[{"href":"https:\/\/implementahc.com\/en\/wp-json\/wp\/v2\/pages"}],"about":[{"href":"https:\/\/implementahc.com\/en\/wp-json\/wp\/v2\/types\/page"}],"author":[{"embeddable":true,"href":"https:\/\/implementahc.com\/en\/wp-json\/wp\/v2\/users\/1"}],"replies":[{"embeddable":true,"href":"https:\/\/implementahc.com\/en\/wp-json\/wp\/v2\/comments?post=1756"}],"version-history":[{"count":0,"href":"https:\/\/implementahc.com\/en\/wp-json\/wp\/v2\/pages\/1756\/revisions"}],"wp:attachment":[{"href":"https:\/\/implementahc.com\/en\/wp-json\/wp\/v2\/media?parent=1756"}],"curies":[{"name":"wp","href":"https:\/\/api.w.org\/{rel}","templated":true}]}}