{"id":1773,"date":"2014-09-23T15:47:24","date_gmt":"2014-09-23T15:47:24","guid":{"rendered":"http:\/\/implementadiy.com\/?page_id=1773"},"modified":"2014-09-23T15:47:24","modified_gmt":"2014-09-23T15:47:24","slug":"ablauf","status":"publish","type":"page","link":"https:\/\/implementahc.com\/en\/ablauf\/","title":{"rendered":"Ablauf"},"content":{"rendered":"<div  class=\"pm-column-containerpm-center\" style=\"background-color:#242424; background-repeat:repeat-x; text-align:left; padding-top:60px; padding-bottom:20px; border-top:8px solid #cd0428;\"><div class=\"pm-column-container-icon\" style=\"border:8px solid #cd0428;\"><i class=\"fa fa-spinner\"><\/i><\/div><div class=\"container\"><br \/>\n<div class=\"pm-cta-container \"><div class=\"pm-cta-divider\" style=\"background-color:#cd0428;\"><\/div><p class=\"pm-cta-text\">UNSER ENTSCHEIDENDER UNTERSCHIED LIEGT IM ARBEITSABLAUF.<\/p><div class=\"pm-cta-divider\" style=\"background-color:#cd0428;\"><\/div><\/div>\n<p><\/div><\/div>\n<div  class=\"pm-column-container \" style=\"background-color:transparent; background-repeat:repeat-x; text-align:left; padding-top:60px; padding-bottom:0px;\"><div class=\"container\"><\/p>\n<div class=\"row \"><\/p>\n<div class=\"col-lg-12 col-md-12 col-sm-12 col-xs-12 \"><\/p>\n<h5>Wir folgen einem selbstentwickelten Prozess<\/h5>\n<div class=\"pm-divider\" style=\"height:1px; background-color:#D9D9D9; margin:20px 0px;\"><\/div>\n<p><\/div>\n<p><\/div>\n<p><\/div><\/div>\n<div  class=\"pm-column-container \" style=\"background-color:transparent; background-repeat:repeat-x; text-align:left; padding-top:0px; padding-bottom:60px;\"><div class=\"container\"><\/p>\n<div class=\"row \"><\/p>\n<div class=\"col-lg-5 col-md-5 col-sm-5 col-xs-12 \"><\/p>\n<p><strong>Implementa POS Managementzyklus<\/strong>. Besagter Prozess basiert auf Erfolgserlebnissen in einem wichtigen multinationalen Sektor.<\/p>\n<p>Die Struktur von diesem Prozess ist immer die gleiche und muss mit dem richtigen Timing und mit speziellen Schritten durchgef\u00fchrt werden.<\/p>\n<p>Der Prozess ist anwendbar f\u00fcr alle Marken die in der DIY Branche t\u00e4tig sind. Der Prozess wird st\u00e4ndig mit KPI\u2019s kontrolliert, um die richtigen Entscheidungen zu treffen.<\/p>\n<div class=\"pm-divider\" style=\"height:0px; background-color:#E3E3E3; margin:20px 0px;\"><\/div><br \/>\n<em style=\"color: #cd0428;\">Um mehr Details zu unserem besonderen Prozess zu bekommen, k\u00f6nnen Sie uns hier kontaktieren.<\/em><br \/>\n<div class=\"pm-rounded-btn  animated \" style=\"margin-top:0px; margin-bottom:20px;\"><a href=\"https:\/\/implementadiy.com\/de\/kontakt\/\" target=\"_self\">Kontact <i class=\"fa fa-envelope\"><\/i><\/a><\/div>\n<p><\/div>\n<div class=\"col-lg-7 col-md-7 col-sm-7 col-xs-12 \"><\/p>\n<div class=\"flexslider pm-post-slider\" id=\"pm-flexslider-carousel-0\" style=\"width:100%;\"><ul class=\"slides\"><br \/>\n<li><img decoding=\"async\" src=\"https:\/\/implementahc.com\/wp-content\/uploads\/2014\/09\/aleman.png\" alt=\"\" \/><\/li><\/p>\n<p><li><img decoding=\"async\" src=\"https:\/\/implementahc.com\/wp-content\/uploads\/2014\/09\/slide-proceso-1.jpg\" alt=\"\" \/><\/li><br \/>\n<\/ul><\/div><script>(function($) {$(document).ready(function(e) {$(\"#pm-flexslider-carousel-0\").flexslider({animation:\"slide\", controlNav: false, directionNav: true, animationLoop: true, slideshow: false, arrows: true, touch: false, prevText : \"\", nextText : \"\" }); }); })(jQuery); <\/script><\/p>\n<p><\/div>\n<p><\/div>\n<p><\/div><\/div>\n<div  class=\"pm-column-container pm-mobile-center\" style=\"background-color:transparent; background-repeat:repeat-x; text-align:left; padding-top:0px; padding-bottom:60px; border-top:0px solid #DBC164;\"><div class=\"container\"><\/p>\n<p>[<div class=\"pm-divider\" style=\"height:2px; background-color:#E3E3E3; margin:40px 0px;\"><\/div><br \/>\n<div class=\"row pm-row-margin-30\"><br \/>\n<div class=\"col-lg-4 col-md-4 col-sm-4 col-xs-12 \"><br \/>\n<div class=\"pm-icon-bundle\" style=\"margin-top:0px; margin-bottom:0px;\"><i class=\"fa fa-info\"><\/i><div class=\"pm-icon-bundle-content\"><p><a href=\"https:\/\/implementadiy.com\/de\/was-wir-tun\/\" target=\"_self\">Unsere dienstleistungen <i class=\"fa fa-angle-right\"><\/i><\/a><\/p><\/div><\/div><br \/>\n<\/div><br \/>\n<div class=\"col-lg-4 col-md-4 col-sm-4 col-xs-12 \"><br \/>\n<div class=\"pm-icon-bundle\" style=\"margin-top:0px; margin-bottom:0px;\"><i class=\"fa fa-sitemap\"><\/i><div class=\"pm-icon-bundle-content\"><p><a href=\"https:\/\/implementadiy.com\/de\/kanale\/\" target=\"_self\">Unsere vertriebswege <i class=\"fa fa-angle-right\"><\/i><\/a><\/p><\/div><\/div><br \/>\n<\/div><br \/>\n<div class=\"col-lg-4 col-md-4 col-sm-4 col-xs-12 \"><br \/>\n<div class=\"pm-icon-bundle\" style=\"margin-top:0px; margin-bottom:0px;\"><i class=\"fa fa-envelope-o\"><\/i><div class=\"pm-icon-bundle-content\"><p><a href=\"https:\/\/implementadiy.com\/de\/kontakt\/\" target=\"_self\">Kontakt <i class=\"fa fa-angle-right\"><\/i><\/a><\/p><\/div><\/div><br \/>\n<\/div>\n<p><\/div><br \/>\n<\/div><\/div>\n","protected":false},"excerpt":{"rendered":"UNSER ENTSCHEIDENDER UNTERSCHIED LIEGT IM ARBEITSABLAUF. Wir folgen einem selbstentwickelten Prozess Implementa POS Managementzyklus. Besagter Prozess basiert auf Erfolgserlebnissen in einem wichtigen multinationalen Sektor. Die Struktur von diesem Prozess ist immer die gleiche und muss mit dem richtigen Timing und mit speziellen Schritten durchgef\u00fchrt werden. Der Prozess ist anwendbar f\u00fcr alle Marken die in der [...]","protected":false},"author":1,"featured_media":0,"parent":0,"menu_order":0,"comment_status":"closed","ping_status":"open","template":"","meta":{"footnotes":""},"class_list":["post-1773","page","type-page","status-publish","hentry"],"_links":{"self":[{"href":"https:\/\/implementahc.com\/en\/wp-json\/wp\/v2\/pages\/1773","targetHints":{"allow":["GET"]}}],"collection":[{"href":"https:\/\/implementahc.com\/en\/wp-json\/wp\/v2\/pages"}],"about":[{"href":"https:\/\/implementahc.com\/en\/wp-json\/wp\/v2\/types\/page"}],"author":[{"embeddable":true,"href":"https:\/\/implementahc.com\/en\/wp-json\/wp\/v2\/users\/1"}],"replies":[{"embeddable":true,"href":"https:\/\/implementahc.com\/en\/wp-json\/wp\/v2\/comments?post=1773"}],"version-history":[{"count":0,"href":"https:\/\/implementahc.com\/en\/wp-json\/wp\/v2\/pages\/1773\/revisions"}],"wp:attachment":[{"href":"https:\/\/implementahc.com\/en\/wp-json\/wp\/v2\/media?parent=1773"}],"curies":[{"name":"wp","href":"https:\/\/api.w.org\/{rel}","templated":true}]}}