{"id":1828,"date":"2014-09-25T14:48:20","date_gmt":"2014-09-25T14:48:20","guid":{"rendered":"http:\/\/implementadiy.com\/?page_id=1828"},"modified":"2014-09-25T14:48:20","modified_gmt":"2014-09-25T14:48:20","slug":"compagnie","status":"publish","type":"page","link":"https:\/\/implementahc.com\/en\/compagnie\/","title":{"rendered":"Compagnie"},"content":{"rendered":"<div  class=\"pm-column-container pm-center\" style=\"background-color:transparent; background-repeat:repeat-x; text-align:left; padding-top:60px; padding-bottom:20px;\"><div class=\"container\"><\/p>\n<div class=\"row pm-large-font\"><\/p>\n<p>Implementa DIY c\u2019est une entreprise sp\u00e9cialis\u00e9e dans <strong>l\u2019Outsourcing de Ventes<\/strong> et dans la Repr\u00e9sentation Commerciale pour le Do It Yourself (Bricolage), Quincaillerie et le Canal Traditionnel.<\/p>\n<p><\/div><br \/>\n<div class=\"pm-divider\" style=\"height:1px; background-color:#E3E3E3; margin:20px 0px;\"><\/div><br \/>\n<br \/>\n<div class=\"pm-divider\" style=\"height:0px; background-color:#E3E3E3; margin:20px 0px;\"><\/div>\n<p><\/div><\/div>\n<div  class=\"pm-column-containerpm-center\" style=\"background-color:#242424; background-repeat:repeat-x; text-align:left; padding-top:30px; padding-bottom:0px; border-top:8px solid #cd0428;\"><div class=\"pm-column-container-icon\" style=\"border:8px solid #cd0428;\"><i class=\"fa-bar-chart-o\"><\/i><\/div><div class=\"container\"><br \/>\n<div class=\"pm-cta-container \"><div class=\"pm-cta-divider\" style=\"background-color:#cd0428;\"><\/div><p class=\"pm-cta-text\">NOTRES OBJECTIFS SONT:<\/p><div class=\"pm-cta-divider\" style=\"background-color:#cd0428;\"><\/div><\/div>\n<p><\/div><\/div>\n<div  class=\"pm-column-container pm-center\" style=\"background-color:transparent; background-repeat:repeat-x; text-align:left; padding-top:60px; padding-bottom:20px;\"><div class=\"container\"><br \/>\n<div class=\"row \"><\/p>\n<div class=\"col-lg-6 col-md-6 col-sm-6 col-xs-12 \"><br \/>\n<div class=\"pm-icon-box\"><span class=\"fa fa-home typcn-size5\" style=\"color:#cd0428;\"><\/span><\/div>\n<h5>Point de vente<\/h5>\n<div class=\"pm-divider\" style=\"height:1px; background-color:#D9D9D9; margin:20px 0px;\"><\/div>\n<p>Acc\u00e9l\u00e9rer les ventes et le marketshare de n\u00f4tres marques repr\u00e9sent\u00e9es au moyen de plus d\u2019espace, visibilit\u00e9 et la proposition de valeur.<\/p>\n<p><\/div>\n<div class=\"col-lg-6 col-md-6 col-sm-6 col-xs-12 \"><br \/>\n<div class=\"pm-icon-box\"><span class=\"fa fa-shopping-cart typcn-size5\" style=\"color:#cd0428;\"><\/span><\/div>\n<h5>Representatiopn Commerciale<\/h5>\n<div class=\"pm-divider\" style=\"height:1px; background-color:#D9D9D9; margin:20px 0px;\"><\/div>\n<p>Nous introduisons et repr\u00e9sentons dans l\u2019Espagne et Portugal les produits de celles compagnies qui ne sont pas pr\u00e9sentes dans le march\u00e9 du Bricolage et nous acc\u00e9l\u00e9rons ses ventes. Nous travaillons la Grande Surface de DIY, le Hard Discount et les rayons de brico dans les Grandes Surfaces.<\/p>\n<p><\/div>\n<p><\/div>\n<p><\/div><\/div>\n<div  class=\"pm-column-container \" style=\"background-color:transparent; background-repeat:repeat-x; text-align:left; padding-top:0px; padding-bottom:60px;\"><div class=\"container\"><\/p>\n<div class=\"row \"><\/p>\n<div class=\"col-lg-12 col-md-12 col-sm-12 col-xs-12 pm-medium-font\"><\/p>\n<div class=\"pm-divider\" style=\"height:0px; background-color:#D9D9D9; margin:70px 0px;\"><\/div>\n<p><strong>Implemeta DIY<\/strong> est un partenaire de Balgal : une compagnie fond\u00e9e le 2003, leader en outsourcing de ventes et gestion des \u00e9quipes de vente.<\/p>\n<p>Balgal a plus de <strong>150 vendeurs<\/strong> visitant les magasins, et c\u2019est une de les top 8 compagnies dans son canal (source : Alimarket).<\/p>\n<p>Nous utilisons la <strong>technologie<\/strong> de Balgal avec l\u2019expertise de ventes et m\u00e9thode de Implementa DIY.<\/p>\n<p><\/div>\n<p><\/div>\n<p><\/div><\/div>\n<div  class=\"pm-column-container pm-mobile-center\" style=\"background-color:transparent; background-repeat:repeat-x; text-align:left; padding-top:0px; padding-bottom:60px; border-top:0px solid #DBC164;\"><div class=\"container\"><\/p>\n<div class=\"pm-divider\" style=\"height:2px; background-color:#E3E3E3; margin:40px 0px;\"><\/div><br \/>\n<div class=\"row pm-row-margin-30\"><br \/>\n<div class=\"col-lg-3 col-md-3 col-sm-3 col-xs-12 \"><br \/>\n<div class=\"pm-icon-bundle\" style=\"margin-top:0px; margin-bottom:0px;\"><i class=\"fa fa-info\"><\/i><div class=\"pm-icon-bundle-content\"><p><a href=\"https:\/\/implementadiy.com\/fr\/nous-faisons\/\" target=\"_self\">Consultez les n\u00f4tres services <i class=\"fa fa-angle-right\"><\/i><\/a><\/p><\/div><\/div><br \/>\n<\/div><br \/>\n<div class=\"col-lg-3 col-md-3 col-sm-3 col-xs-12 \"><br \/>\n<div class=\"pm-icon-bundle\" style=\"margin-top:0px; margin-bottom:0px;\"><i class=\"fa fa-sitemap\"><\/i><div class=\"pm-icon-bundle-content\"><p><a href=\"https:\/\/implementadiy.com\/fr\/canaux\/\" target=\"_self\">Les canaux que nous travaillons <i class=\"fa fa-angle-right\"><\/i><\/a><\/p><\/div><\/div><br \/>\n<\/div><br \/>\n<div class=\"col-lg-3 col-md-3 col-sm-3 col-xs-12 \"><br \/>\n<div class=\"pm-icon-bundle\" style=\"margin-top:0px; margin-bottom:0px;\"><i class=\"fa fa-cogs\"><\/i><div class=\"pm-icon-bundle-content\"><p><a href=\"https:\/\/implementadiy.com\/fr\/processus\/\" target=\"_self\">Notre m\u00e9thode <i class=\"fa fa-angle-right\"><\/i><\/a><\/p><\/div><\/div><br \/>\n<\/div><br \/>\n<div class=\"col-lg-3 col-md-3 col-sm-3 col-xs-12 \"><br \/>\n<div class=\"pm-icon-bundle\" style=\"margin-top:0px; margin-bottom:0px;\"><i class=\"fa fa-envelope-o\"><\/i><div class=\"pm-icon-bundle-content\"><p><a href=\"https:\/\/implementadiy.com\/fr\/contact-2\/\" target=\"_self\">Contactez avec nous <i class=\"fa fa-angle-right\"><\/i><\/a><\/p><\/div><\/div><br \/>\n<\/div>\n<p><\/div><br \/>\n<\/div><\/div>\n","protected":false},"excerpt":{"rendered":"Implementa DIY c\u2019est une entreprise sp\u00e9cialis\u00e9e dans l\u2019Outsourcing de Ventes et dans la Repr\u00e9sentation Commerciale pour le Do It Yourself (Bricolage), Quincaillerie et le Canal Traditionnel. NOTRES OBJECTIFS SONT: Point de vente Acc\u00e9l\u00e9rer les ventes et le marketshare de n\u00f4tres marques repr\u00e9sent\u00e9es au moyen de plus d\u2019espace, visibilit\u00e9 et la proposition de valeur. Representatiopn Commerciale [...]","protected":false},"author":1,"featured_media":0,"parent":0,"menu_order":0,"comment_status":"closed","ping_status":"open","template":"","meta":{"footnotes":""},"class_list":["post-1828","page","type-page","status-publish","hentry"],"_links":{"self":[{"href":"https:\/\/implementahc.com\/en\/wp-json\/wp\/v2\/pages\/1828","targetHints":{"allow":["GET"]}}],"collection":[{"href":"https:\/\/implementahc.com\/en\/wp-json\/wp\/v2\/pages"}],"about":[{"href":"https:\/\/implementahc.com\/en\/wp-json\/wp\/v2\/types\/page"}],"author":[{"embeddable":true,"href":"https:\/\/implementahc.com\/en\/wp-json\/wp\/v2\/users\/1"}],"replies":[{"embeddable":true,"href":"https:\/\/implementahc.com\/en\/wp-json\/wp\/v2\/comments?post=1828"}],"version-history":[{"count":0,"href":"https:\/\/implementahc.com\/en\/wp-json\/wp\/v2\/pages\/1828\/revisions"}],"wp:attachment":[{"href":"https:\/\/implementahc.com\/en\/wp-json\/wp\/v2\/media?parent=1828"}],"curies":[{"name":"wp","href":"https:\/\/api.w.org\/{rel}","templated":true}]}}