{"id":1834,"date":"2014-09-25T14:55:58","date_gmt":"2014-09-25T14:55:58","guid":{"rendered":"http:\/\/implementadiy.com\/?page_id=1834"},"modified":"2014-09-25T14:55:58","modified_gmt":"2014-09-25T14:55:58","slug":"valeurs","status":"publish","type":"page","link":"https:\/\/implementahc.com\/en\/valeurs\/","title":{"rendered":"Valeurs"},"content":{"rendered":"<div  class=\"pm-column-container \" style=\"background-color:transparent; background-repeat:repeat-x; text-align:left; padding-top:60px; padding-bottom:60px;\"><div class=\"container\"><\/p>\n<div class=\"row \"><\/p>\n<div class=\"col-lg-6 col-md-6 col-sm-6 col-xs-12 \"><br \/>\n<div class=\"pm-quantum-alert-message\"><i class=\"fa fa-certificate\" style=\"background-color:#cd0428;\"><\/i><p class=\"pm-quantum-alert-title\">Nous sommes vendeurs<\/p><p class=\"pm-quantum-alert-details\">Notre valeur essentiel c\u2019est la <strong>cr\u00e9ation de ventes<\/strong> \u00e0 travers de:<\/p>\n<ul>\n<li>Augmenter l\u2019espace dans le rayonnage<\/li>\n<li>Contr\u00f4ler les t\u00eates de gondole<\/li>\n<li>N\u00e9gocier les t\u00eates de gondole additionnelles<\/li>\n<li>Obtenir espaces additionnels<\/li>\n<li>G\u00e9n\u00e9rer espaces de cross-selling<\/li>\n<li>Cr\u00e9er espaces de vente impulsive<\/li>\n<\/ul>\n<p>Nous allons plus loin que les habituels services de Gestion du Point de Vente traditionnels (control d\u2019assortiment, des prix et du produit).<\/p><\/div>\n<p><\/div>\n<div class=\"col-lg-6 col-md-6 col-sm-6 col-xs-12 \"><\/p>\n<div class=\"pm-quantum-alert-message\"><i class=\"fa fa-check-circle-o\" style=\"background-color:#cd0428;\"><\/i><p class=\"pm-quantum-alert-title\">Sp\u00e9cialisation<\/p><p class=\"pm-quantum-alert-details\">Nous <strong>sommes sp\u00e9cialistes<\/strong> de ventes de <strong>Bricolage <\/strong>(DIY) et de <strong>Quincaillerie<\/strong>. Ces canaux se basent sur les avantages des produits qui doivent \u00eatre bien communiqu\u00e9s.<\/p>\n<p>Nous <strong>acc\u00e9l\u00e9rons les ventes<\/strong> des produis \u00e0 travers de d\u00e9monstrations, communication et formation donn\u00e9e \u00e0 le point de vente.<\/p><\/div>\n<p><\/div><br \/>\n<\/div><br \/>\n<div class=\"row pm-row-margin-30\"><br \/>\n<div class=\"col-lg-6 col-md-6 col-sm-6 col-xs-12 \"><br \/>\n<div class=\"pm-quantum-alert-message\"><i class=\"fa fa-tablet\" style=\"background-color:#cd0428;\"><\/i><p class=\"pm-quantum-alert-title\">Technologie<\/p><p class=\"pm-quantum-alert-details\">Notre technologie supporte la <strong>prise de d\u00e9cisions<\/strong>. Notre \u00e9quipe de ventes introduit toute la information pertinente pour le client dans une tablet.<\/p>\n<p>Notre valeur ajout\u00e9e consiste \u00e0 fournir cette information a travers de KPI\u2019s (Key Performance Indicators) pour la prise de d\u00e9cisions.<\/p><\/div>\n<p><\/div>\n<div class=\"col-lg-6 col-md-6 col-sm-6 col-xs-12 \"><\/p>\n<div class=\"pm-quantum-alert-message\"><i class=\"fa fa-thumbs-o-up\" style=\"background-color:#cd0428;\"><\/i><p class=\"pm-quantum-alert-title\">Partenaires complets<\/p><p class=\"pm-quantum-alert-details\">Somos <strong>autenticos partners de nuestros clientes<\/strong> lo que implica:<\/p>\n<ul>\n<li>On ne sert pas \u00e0 leurs comp\u00e9titeurs<\/li>\n<li>Nous partageons le risque. Si, dans les espaces additionnels, on ne r\u00e9ussit pas, nous ne gagnons pas le bonus.<\/li>\n<\/ul>\n<p><\/p><\/div>\n<p><\/div>\n<p><\/div><br \/>\n<div class=\"pm-divider\" style=\"height:2px; background-color:#E3E3E3; margin:40px 0px;\"><\/div><br \/>\n<div class=\"row pm-row-margin-30\"><br \/>\n<div class=\"col-lg-3 col-md-3 col-sm-3 col-xs-12 \"><br \/>\n<div class=\"pm-icon-bundle\" style=\"margin-top:0px; margin-bottom:0px;\"><i class=\"fa fa-info\"><\/i><div class=\"pm-icon-bundle-content\"><p><a href=\"https:\/\/implementadiy.com\/fr\/nous-faisons\/\" target=\"_self\">Consultez les n\u00f4tres services <i class=\"fa fa-angle-right\"><\/i><\/a><\/p><\/div><\/div><br \/>\n<\/div><br \/>\n<div class=\"col-lg-3 col-md-3 col-sm-3 col-xs-12 \"><br \/>\n<div class=\"pm-icon-bundle\" style=\"margin-top:0px; margin-bottom:0px;\"><i class=\"fa fa-sitemap\"><\/i><div class=\"pm-icon-bundle-content\"><p><a href=\"https:\/\/implementadiy.com\/fr\/canaux\/\" target=\"_self\">Les canaux que nous travaillons <i class=\"fa fa-angle-right\"><\/i><\/a><\/p><\/div><\/div><br \/>\n<\/div><br \/>\n<div class=\"col-lg-3 col-md-3 col-sm-3 col-xs-12 \"><br \/>\n<div class=\"pm-icon-bundle\" style=\"margin-top:0px; margin-bottom:0px;\"><i class=\"fa fa-cogs\"><\/i><div class=\"pm-icon-bundle-content\"><p><a href=\"https:\/\/implementadiy.com\/fr\/processus\/\" target=\"_self\">Notre m\u00e9thode <i class=\"fa fa-angle-right\"><\/i><\/a><\/p><\/div><\/div><br \/>\n<\/div><br \/>\n<div class=\"col-lg-3 col-md-3 col-sm-3 col-xs-12 \"><br \/>\n<div class=\"pm-icon-bundle\" style=\"margin-top:0px; margin-bottom:0px;\"><i class=\"fa fa-envelope-o\"><\/i><div class=\"pm-icon-bundle-content\"><p><a href=\"https:\/\/implementadiy.com\/fr\/contact-2\/\" target=\"_self\">Contactez avec nous <i class=\"fa fa-angle-right\"><\/i><\/a><\/p><\/div><\/div><br \/>\n<\/div>\n<p><\/div><br \/>\n<\/div><\/div>\n","protected":false},"excerpt":{"rendered":"Nous sommes vendeursNotre valeur essentiel c\u2019est la cr\u00e9ation de ventes \u00e0 travers de: Augmenter l\u2019espace dans le rayonnage Contr\u00f4ler les t\u00eates de gondole N\u00e9gocier les t\u00eates de gondole additionnelles Obtenir espaces additionnels G\u00e9n\u00e9rer espaces de cross-selling Cr\u00e9er espaces de vente impulsive Nous allons plus loin que les habituels services de Gestion du Point de Vente [...]","protected":false},"author":1,"featured_media":0,"parent":0,"menu_order":0,"comment_status":"closed","ping_status":"open","template":"","meta":{"footnotes":""},"class_list":["post-1834","page","type-page","status-publish","hentry"],"_links":{"self":[{"href":"https:\/\/implementahc.com\/en\/wp-json\/wp\/v2\/pages\/1834","targetHints":{"allow":["GET"]}}],"collection":[{"href":"https:\/\/implementahc.com\/en\/wp-json\/wp\/v2\/pages"}],"about":[{"href":"https:\/\/implementahc.com\/en\/wp-json\/wp\/v2\/types\/page"}],"author":[{"embeddable":true,"href":"https:\/\/implementahc.com\/en\/wp-json\/wp\/v2\/users\/1"}],"replies":[{"embeddable":true,"href":"https:\/\/implementahc.com\/en\/wp-json\/wp\/v2\/comments?post=1834"}],"version-history":[{"count":0,"href":"https:\/\/implementahc.com\/en\/wp-json\/wp\/v2\/pages\/1834\/revisions"}],"wp:attachment":[{"href":"https:\/\/implementahc.com\/en\/wp-json\/wp\/v2\/media?parent=1834"}],"curies":[{"name":"wp","href":"https:\/\/api.w.org\/{rel}","templated":true}]}}