{"id":1840,"date":"2014-09-25T15:11:15","date_gmt":"2014-09-25T15:11:15","guid":{"rendered":"http:\/\/implementadiy.com\/?page_id=1840"},"modified":"2014-09-25T15:11:15","modified_gmt":"2014-09-25T15:11:15","slug":"la-mission","status":"publish","type":"page","link":"https:\/\/implementahc.com\/en\/la-mission\/","title":{"rendered":"La mission"},"content":{"rendered":"<div  class=\"pm-column-container \" style=\"background-color:#ececec; background-repeat:repeat-x; text-align:left; padding-top:60px; padding-bottom:60px;\"><div class=\"container\">\n<div class=\"row \"><br \/>\n<div class=\"col-lg-12 col-md-12 col-sm-12 col-xs-12 pm-large-font pm-center\"><\/p>\n<h6 style=\"font-size: 26px;line-height: 30px;\">Implementa DIY offre un processus de gestion de ventes qui est propre (Implementa POS Management Cycle) et qui a fonctionn\u00e9 bien dans l\u2019environnement multinational, pour un groupe d\u2019entreprises s\u00e9lectionn\u00e9es et qui cherchent grandir leurs ventes et leur share of shelve.<\/h6>\n<p><\/div><br \/>\n<\/div>\n<p><\/div><\/div><br \/>\n<div class=\"pm-divider\" style=\"height:3px; background-color:#cd0428; margin:0px 0px;\"><\/div><br \/>\n<div  class=\"pm-column-container \" style=\"background-color:#232323; background-repeat:repeat-x; text-align:left; padding-top:60px; padding-bottom:60px;\"><div class=\"container\"><\/p>\n<div class=\"row \"><br \/>\n<div class=\"col-lg-6 col-md-6 col-sm-12 col-xs-12 pm-center\"><br \/>\n<img decoding=\"async\" src=\"https:\/\/implementahc.com\/wp-content\/uploads\/2014\/08\/QUIM-RIERA-IMPLEMETA-DIY-span6-400-copia.jpg\" style=\"border-radius: 10px; margin-top: 14px;\" alt=\"Quim Riera, Implementa DIY. Barcelona\" width=\"auto\" height=\"auto\" class=\"alignnone size-full wp-image-1388\" \/><\/p>\n<p><\/div>\n<div class=\"col-lg-6 col-md-6 col-sm-12 col-xs-12 pm-white-text\">\n<div class=\"alert alert-warning alert-dismissible\" role=\"alert\"><i class=\"\"><\/i><strong>Quim Riera<\/strong> est fondateur d\u2019Implementa DIY en 2014.<\/p>\n<p>Sa comp\u00e9tence se base sur la gestion du cycle de ventes dans le Bricolage et la Quincaillerie. Il est sp\u00e9cialiste en faire et mettre en \u0153uvre les KAM plans pour ces canaux.<\/p>\n<p>Quim Riera a commenc\u00e9 dans de D\u00e9partement de Ventes chez <strong>Procter &#038; Gamble<\/strong> le 1997. Ensuite, il a travaill\u00e9 comme Key Account Manager chez Coca-Cola et Pastas Gallo pendant 7 ann\u00e9es. Finalement, il a \u00e9t\u00e9 Directeur Commercial chez Grohe Espagne pendant 6 ans.<\/p>\n<p>C\u2019est ici, dans Grohe, qu\u2019il a commenc\u00e9, en partant de presque z\u00e9ro, \u00e0 d\u00e9velopper le <strong>canal Bricolage<\/strong> pour r\u00e9duire la d\u00e9pendance du secteur de mat\u00e9riaux de construction qui commen\u00e7ait \u00e0 \u00eatre en crise. Cette ann\u00e9e il a ouvert la relation directe avec Leroy Merlin et ensuite a continu\u00e9 avec Bauhaus, Aki, Bricor et Bricodepot).<\/p>\n<p>Pendant la p\u00e9riode 2008-2014 ce canal a augment\u00e9 consid\u00e9rablement et aujourd\u2019hui il repr\u00e9sente un avantage comp\u00e9titif. Ce projet constitue la base d\u2019<strong>Implementa DIY<\/strong>.<\/p>\n<p>Quim Riera a une ma\u00eetrise de business el le MBA pour <strong>ESADE <\/strong>et la ma\u00eetrise de sciences de la gestion pour l\u2019HEC de Montr\u00e9al.<br \/>\n<\/div>\n<div class=\"pm-divider\" style=\"height:1px; background-color:#cd0428; margin:20px 0px;\"><\/div><br \/>\n<a href=\"https:\/\/es.linkedin.com\/pub\/quim-riera-ras\/5\/824\/39a\" target=\"_blank\"><div class=\"pm-icon-box\"><span class=\"fa fa-linkedin typcn-size3\" style=\"color:#ffffff;\"><\/span><\/div><\/a><\/p>\n<p><\/div><br \/>\n<\/div><br \/>\n<\/div><\/div>\n<div  class=\"pm-column-container pm-mobile-center\" style=\"background-color:transparent; background-repeat:repeat-x; text-align:left; padding-top:0px; padding-bottom:60px; border-top:0px solid #DBC164;\"><div class=\"container\"><\/p>\n<div class=\"pm-divider\" style=\"height:2px; background-color:#E3E3E3; margin:40px 0px;\"><\/div><br \/>\n<div class=\"row pm-row-margin-30\"><br \/>\n<div class=\"col-lg-3 col-md-3 col-sm-3 col-xs-12 \"><br \/>\n<div class=\"pm-icon-bundle\" style=\"margin-top:0px; margin-bottom:0px;\"><i class=\"fa fa-info\"><\/i><div class=\"pm-icon-bundle-content\"><p><a href=\"https:\/\/implementadiy.com\/fr\/nous-faisons\/\" target=\"_self\">Consultez les n\u00f4tres services <i class=\"fa fa-angle-right\"><\/i><\/a><\/p><\/div><\/div><br \/>\n<\/div><br \/>\n<div class=\"col-lg-3 col-md-3 col-sm-3 col-xs-12 \"><br \/>\n<div class=\"pm-icon-bundle\" style=\"margin-top:0px; margin-bottom:0px;\"><i class=\"fa fa-sitemap\"><\/i><div class=\"pm-icon-bundle-content\"><p><a href=\"https:\/\/implementadiy.com\/fr\/canaux\/\" target=\"_self\">Les canaux que nous travaillons <i class=\"fa fa-angle-right\"><\/i><\/a><\/p><\/div><\/div><br \/>\n<\/div><br \/>\n<div class=\"col-lg-3 col-md-3 col-sm-3 col-xs-12 \"><br \/>\n<div class=\"pm-icon-bundle\" style=\"margin-top:0px; margin-bottom:0px;\"><i class=\"fa fa-cogs\"><\/i><div class=\"pm-icon-bundle-content\"><p><a href=\"https:\/\/implementadiy.com\/fr\/processus\/\" target=\"_self\">Notre m\u00e9thode <i class=\"fa fa-angle-right\"><\/i><\/a><\/p><\/div><\/div><br \/>\n<\/div><br \/>\n<div class=\"col-lg-3 col-md-3 col-sm-3 col-xs-12 \"><br \/>\n<div class=\"pm-icon-bundle\" style=\"margin-top:0px; margin-bottom:0px;\"><i class=\"fa fa-envelope-o\"><\/i><div class=\"pm-icon-bundle-content\"><p><a href=\"https:\/\/implementadiy.com\/fr\/contact-2\/\" target=\"_self\">Contactez avec nous <i class=\"fa fa-angle-right\"><\/i><\/a><\/p><\/div><\/div><br \/>\n<\/div>\n<p><\/div><br \/>\n<\/div><\/div>\n","protected":false},"excerpt":{"rendered":"Implementa DIY offre un processus de gestion de ventes qui est propre (Implementa POS Management Cycle) et qui a fonctionn\u00e9 bien dans l\u2019environnement multinational, pour un groupe d\u2019entreprises s\u00e9lectionn\u00e9es et qui cherchent grandir leurs ventes et leur share of shelve. Quim Riera est fondateur d\u2019Implementa DIY en 2014. Sa comp\u00e9tence se base sur la gestion [...]","protected":false},"author":1,"featured_media":0,"parent":0,"menu_order":0,"comment_status":"closed","ping_status":"open","template":"","meta":{"footnotes":""},"class_list":["post-1840","page","type-page","status-publish","hentry"],"_links":{"self":[{"href":"https:\/\/implementahc.com\/en\/wp-json\/wp\/v2\/pages\/1840","targetHints":{"allow":["GET"]}}],"collection":[{"href":"https:\/\/implementahc.com\/en\/wp-json\/wp\/v2\/pages"}],"about":[{"href":"https:\/\/implementahc.com\/en\/wp-json\/wp\/v2\/types\/page"}],"author":[{"embeddable":true,"href":"https:\/\/implementahc.com\/en\/wp-json\/wp\/v2\/users\/1"}],"replies":[{"embeddable":true,"href":"https:\/\/implementahc.com\/en\/wp-json\/wp\/v2\/comments?post=1840"}],"version-history":[{"count":0,"href":"https:\/\/implementahc.com\/en\/wp-json\/wp\/v2\/pages\/1840\/revisions"}],"wp:attachment":[{"href":"https:\/\/implementahc.com\/en\/wp-json\/wp\/v2\/media?parent=1840"}],"curies":[{"name":"wp","href":"https:\/\/api.w.org\/{rel}","templated":true}]}}