{"id":1842,"date":"2014-09-25T15:21:21","date_gmt":"2014-09-25T15:21:21","guid":{"rendered":"http:\/\/implementadiy.com\/?page_id=1842"},"modified":"2014-09-25T15:21:21","modified_gmt":"2014-09-25T15:21:21","slug":"nous-faisons","status":"publish","type":"page","link":"https:\/\/implementahc.com\/en\/nous-faisons\/","title":{"rendered":"Nous faisons"},"content":{"rendered":"<div  class=\"pm-column-container \" style=\"background-color:transparent; background-repeat:repeat-x; text-align:left; padding-top:60px; padding-bottom:0px; border-top:0px solid #DBC164;\"><div class=\"container\"><\/p>\n<div class=\"col-lg-6 col-md-6 col-sm-6 col-xs-12 pm-medium-font pm-white-text\"><\/p>\n<div class=\"pm-icon-bundle\" style=\"margin-top:0px; margin-bottom:0px;\"><i class=\"fa fa-building\"><\/i><div class=\"pm-icon-bundle-content\"><p><a href=\"https:\/\/implementadiy.com\/fr\/nous-faisons\/point-de-vente\/\" target=\"_self\">Point de vente <i class=\"fa fa-angle-right\"><\/i><\/a><\/p><\/div><\/div>\n<p><\/div><br \/>\n<div class=\"col-lg-6 col-md-6 col-sm-6 col-xs-12 \"><br \/>\n<div class=\"pm-icon-bundle\" style=\"margin-top:0px; margin-bottom:0px;\"><i class=\"fa fa-shopping-cart\"><\/i><div class=\"pm-icon-bundle-content\"><p><a href=\"https:\/\/implementadiy.com\/fr\/nous-faisons\/commercialisation\/\" target=\"_self\">Representation commerciale <i class=\"fa fa-angle-right\"><\/i><\/a><\/p><\/div><\/div><br \/>\n<\/div><br \/>\n<\/div><\/div>\n<div  class=\"pm-column-container pm-white-text\" style=\"background-color:#transparent; background-repeat:repeat-x; text-align:left; padding-top:0px; padding-bottom:60px; border-top:0px solid #DBC164;\"><div class=\"container\"><br \/>\n<div class=\"col-lg-6 col-md-6 col-sm-6 col-xs-12 pm-medium-font\"><\/p>\n<ul>\n<li><strong>Outsourcing <\/strong>de forces de vente<\/li>\n<li>Gestion des <strong>points de vente<\/strong><\/li>\n<li>Des actions <strong>saisonni\u00e8res<\/strong><\/li>\n<li>Des actions <strong>d\u2019impact <\/strong>g\u00e9ographique<\/li>\n<li>Mise en \u0153uvre de <strong>planogrammes<\/strong>, calendriers promotionnels et audits<\/li>\n<li><strong>T\u00e9l\u00e9-achat<\/strong>  de projets dans le canal traditionnel<\/li>\n<\/ul>\n<p><\/div>\n<div class=\"col-lg-6 col-md-6 col-sm-6 col-xs-12 pm-medium-font\"><\/p>\n<ul>\n<li>Nous introduisons et repr\u00e9sentons ses produits (commercialisation)<\/li>\n<li><strong>Services compl\u00e9mentaires<\/strong> \u00e0 la commercialisation<\/li>\n<\/ul>\n<p><\/div>\n<p><\/div><\/div>\n","protected":false},"excerpt":{"rendered":"Point de vente Representation commerciale Outsourcing de forces de vente Gestion des points de vente Des actions saisonni\u00e8res Des actions d\u2019impact g\u00e9ographique Mise en \u0153uvre de planogrammes, calendriers promotionnels et audits T\u00e9l\u00e9-achat de projets dans le canal traditionnel Nous introduisons et repr\u00e9sentons ses produits (commercialisation) Services compl\u00e9mentaires \u00e0 la commercialisation","protected":false},"author":1,"featured_media":0,"parent":0,"menu_order":0,"comment_status":"closed","ping_status":"open","template":"","meta":{"footnotes":""},"class_list":["post-1842","page","type-page","status-publish","hentry"],"_links":{"self":[{"href":"https:\/\/implementahc.com\/en\/wp-json\/wp\/v2\/pages\/1842","targetHints":{"allow":["GET"]}}],"collection":[{"href":"https:\/\/implementahc.com\/en\/wp-json\/wp\/v2\/pages"}],"about":[{"href":"https:\/\/implementahc.com\/en\/wp-json\/wp\/v2\/types\/page"}],"author":[{"embeddable":true,"href":"https:\/\/implementahc.com\/en\/wp-json\/wp\/v2\/users\/1"}],"replies":[{"embeddable":true,"href":"https:\/\/implementahc.com\/en\/wp-json\/wp\/v2\/comments?post=1842"}],"version-history":[{"count":0,"href":"https:\/\/implementahc.com\/en\/wp-json\/wp\/v2\/pages\/1842\/revisions"}],"wp:attachment":[{"href":"https:\/\/implementahc.com\/en\/wp-json\/wp\/v2\/media?parent=1842"}],"curies":[{"name":"wp","href":"https:\/\/api.w.org\/{rel}","templated":true}]}}