{"id":1854,"date":"2014-09-25T16:25:16","date_gmt":"2014-09-25T16:25:16","guid":{"rendered":"http:\/\/implementadiy.com\/?page_id=1854"},"modified":"2014-09-25T16:25:16","modified_gmt":"2014-09-25T16:25:16","slug":"canaux","status":"publish","type":"page","link":"https:\/\/implementahc.com\/en\/canaux\/","title":{"rendered":"Canaux"},"content":{"rendered":"<div  class=\"pm-column-container pm-center\" style=\"background-color:transparent; background-repeat:repeat-x; text-align:left; padding-top:60px; padding-bottom:20px;\"><div class=\"container\"><\/p>\n<div class=\"row pm-large-font\"><\/p>\n<p>Implementa DIY c\u2019est une entreprise sp\u00e9cialis\u00e9e dans <strong>l\u2019Outsourcing de Ventes<\/strong> et dans la <strong>Repr\u00e9sentation Commerciale<\/strong> pour le Do It Yourself (Bricolage), Quincaillerie et le Canal Traditionnel.<\/p>\n<p><\/div><br \/>\n<\/div><\/div>\n<div  class=\"pm-column-container pm-center\" style=\"background-color:transparent; background-repeat:repeat-x; text-align:left; padding-top:60px; padding-bottom:0px;\"><div class=\"container\"><br \/>\n<div class=\"row \"><\/p>\n<div class=\"col-lg-4 col-md-4 col-sm-4 col-xs-12 \"><br \/>\n<div class=\"pm-icon-box\"><span class=\"fa fa-cut typcn-size5\" style=\"color:#cd0428;\"><\/span><\/div>\n<h5>Bricolage (Do It Yourself)<\/h5>\n<div class=\"pm-divider\" style=\"height:1px; background-color:#D9D9D9; margin:20px 0px;\"><\/div><br \/>\n<\/div>\n<div class=\"col-lg-4 col-md-4 col-sm-4 col-xs-12 \"><br \/>\n<div class=\"pm-icon-box\"><span class=\"fa fa-wrench typcn-size5\" style=\"color:#cd0428;\"><\/span><\/div>\n<h5>Quincaillerie (Fererter\u00edas)<\/h5>\n<div class=\"pm-divider\" style=\"height:1px; background-color:#D9D9D9; margin:20px 0px;\"><\/div><br \/>\n<\/div>\n<div class=\"col-lg-4 col-md-4 col-sm-4 col-xs-12 \"><br \/>\n<div class=\"pm-icon-box\"><span class=\"fa fa-hospital-o typcn-size5\" style=\"color:#cd0428;\"><\/span><\/div>\n<h5>Canal Traditionnel<\/h5>\n<div class=\"pm-divider\" style=\"height:1px; background-color:#D9D9D9; margin:20px 0px;\"><\/div>\n<p><\/div><br \/>\n<\/div>\n<p><\/div><\/div>\n<div  class=\"pm-column-container \" style=\"background-color:transparent; background-repeat:repeat-x; text-align:left; padding-top:0px; padding-bottom:20px;\"><div class=\"container\"><br \/>\n<div class=\"row \"><\/p>\n<div class=\"col-lg-4 col-md-4 col-sm-4 col-xs-12 \"><\/p>\n<ul>\n<li>Grande Surface Bricolage:<\/li>\n<p><strong>Leroy Merlin, Bauhaus et Bricor<\/strong><\/p>\n<li>Moyenne Surface Bricolage: <\/li>\n<p><strong>Aki, Bricor City, Bricoking<\/strong><\/p>\n<li>Hard Discount: <\/li>\n<p><strong>Bricodepot and Bricomart<\/strong><\/p>\n<li>Grande Surface:<\/li>\n<p><strong>El Corte Ingl\u00e9s<\/strong>\n<\/ul>\n<p><\/div>\n<div class=\"col-lg-4 col-md-4 col-sm-4 col-xs-12 \"><br \/>\n<strong>Visitamos entre otras:\t<\/strong><\/p>\n<ul>\n<li>QF+<\/li>\n<li>Cadena 88\/Ehlis<\/li>\n<li>Comafe<\/li>\n<li>Coferdroza<\/li>\n<li>Coinfer<\/li>\n<li>D\u2019autres chaines<\/li>\n<\/ul>\n<p><\/div>\n<div class=\"col-lg-4 col-md-4 col-sm-4 col-xs-12 \"><\/p>\n<ul>\n<li>Cealco<\/li>\n<li>Almagrupo<\/li>\n<li>Saint Gobain<\/li>\n<li>Saltoki<\/li>\n<li>Gamma<\/li>\n<li>Bigmat<\/li>\n<li>Et les grands distributeurs de sanitaire<\/li>\n<\/ul>\n<p><\/div><br \/>\n<\/div>\n<p><\/div><\/div>\n<div class=\"pm-column-container \" style=\"background-color:transparent; background-repeat:repeat-x; text-align:left; padding-top:0px; padding-bottom:20px;\"><div class=\"container\"><br \/>\n<div class=\"row \"><br \/>\nNous sommes capables de g\u00e9n\u00e9rer des routes optimales bas\u00e9es sur notre connaissance des ventes et potentiels per point.<br \/>\n<div class=\"pm-divider\" style=\"height:0px; background-color:#D9D9D9; margin:20px 0px;\"><\/div><br \/>\n<strong>Les sections que nous visitons dans les GSB sont:<\/strong><br \/>\n<div class=\"col-lg-4 col-md-4 col-sm-4 col-xs-12 \"><\/p>\n<ul>\n<li>\u00c9clairage<\/li>\n<li>D\u00e9coration<\/li>\n<li>Peinture<\/li>\n<li>Silicones<\/li>\n<li>Adh\u00e9sifs<\/li>\n<\/ul>\n<p><\/div>\n<div class=\"col-lg-4 col-md-4 col-sm-4 col-xs-12 \"><\/p>\n<ul>\n<li>Drugstore<\/li>\n<li>Chauffage<\/li>\n<li>Outillage quincaillerie<\/li>\n<li>Mise en ordre<\/li>\n<li>Cuisine<\/li>\n<\/ul>\n<p><\/div>\n<div class=\"col-lg-4 col-md-4 col-sm-4 col-xs-12 \">\n<ul>\n<li>Jardin<\/li>\n<li>Bois<\/li>\n<li>Mat\u00e9riaux construction<\/li>\n<li>Bains<\/li>\n<\/ul>\n<p><\/div><br \/>\n<\/div>\n<p><\/div><\/div><br \/>\n<div  class=\"pm-column-container \" style=\"background-color:transparent; background-repeat:repeat-x; text-align:left; padding-top:0px; padding-bottom:60px;\"><div class=\"container\"><\/p>\n<div class=\"pm-divider\" style=\"height:2px; background-color:#E3E3E3; margin:40px 0px;\"><\/div><br \/>\n<div class=\"row pm-row-margin-30\"><br \/>\n<div class=\"col-lg-4 col-md-4 col-sm-4 col-xs-12 \"><br \/>\n<div class=\"pm-icon-bundle\" style=\"margin-top:0px; margin-bottom:0px;\"><i class=\"fa fa-info\"><\/i><div class=\"pm-icon-bundle-content\"><p><a href=\"https:\/\/implementadiy.com\/fr\/nous-faisons\/\" target=\"_self\">Consultez les n\u00f4tres services <i class=\"fa fa-angle-right\"><\/i><\/a><\/p><\/div><\/div><br \/>\n<\/div><br \/>\n<div class=\"col-lg-4 col-md-4 col-sm-4 col-xs-12 \"><br \/>\n<div class=\"pm-icon-bundle\" style=\"margin-top:0px; margin-bottom:0px;\"><i class=\"fa fa-cogs\"><\/i><div class=\"pm-icon-bundle-content\"><p><a href=\"https:\/\/implementadiy.com\/fr\/processus\/\" target=\"_self\">Notre m\u00e9thode <i class=\"fa fa-angle-right\"><\/i><\/a><\/p><\/div><\/div><br \/>\n<\/div><br \/>\n<div class=\"col-lg-4 col-md-4 col-sm-4 col-xs-12 \"><br \/>\n<div class=\"pm-icon-bundle\" style=\"margin-top:0px; margin-bottom:0px;\"><i class=\"fa fa-envelope-o\"><\/i><div class=\"pm-icon-bundle-content\"><p><a href=\"https:\/\/implementadiy.com\/fr\/contact-2\/\" target=\"_self\">Contactez avec nous <i class=\"fa fa-angle-right\"><\/i><\/a><\/p><\/div><\/div><br \/>\n<\/div>\n<p><\/div>\n<p><\/div><\/div>\n","protected":false},"excerpt":{"rendered":"Implementa DIY c\u2019est une entreprise sp\u00e9cialis\u00e9e dans l\u2019Outsourcing de Ventes et dans la Repr\u00e9sentation Commerciale pour le Do It Yourself (Bricolage), Quincaillerie et le Canal Traditionnel. Bricolage (Do It Yourself) Quincaillerie (Fererter\u00edas) Canal Traditionnel Grande Surface Bricolage: Leroy Merlin, Bauhaus et Bricor Moyenne Surface Bricolage: Aki, Bricor City, Bricoking Hard Discount: Bricodepot and Bricomart Grande [...]","protected":false},"author":1,"featured_media":0,"parent":0,"menu_order":0,"comment_status":"closed","ping_status":"open","template":"","meta":{"footnotes":""},"class_list":["post-1854","page","type-page","status-publish","hentry"],"_links":{"self":[{"href":"https:\/\/implementahc.com\/en\/wp-json\/wp\/v2\/pages\/1854","targetHints":{"allow":["GET"]}}],"collection":[{"href":"https:\/\/implementahc.com\/en\/wp-json\/wp\/v2\/pages"}],"about":[{"href":"https:\/\/implementahc.com\/en\/wp-json\/wp\/v2\/types\/page"}],"author":[{"embeddable":true,"href":"https:\/\/implementahc.com\/en\/wp-json\/wp\/v2\/users\/1"}],"replies":[{"embeddable":true,"href":"https:\/\/implementahc.com\/en\/wp-json\/wp\/v2\/comments?post=1854"}],"version-history":[{"count":0,"href":"https:\/\/implementahc.com\/en\/wp-json\/wp\/v2\/pages\/1854\/revisions"}],"wp:attachment":[{"href":"https:\/\/implementahc.com\/en\/wp-json\/wp\/v2\/media?parent=1854"}],"curies":[{"name":"wp","href":"https:\/\/api.w.org\/{rel}","templated":true}]}}