{"id":1874,"date":"2014-09-25T17:15:58","date_gmt":"2014-09-25T17:15:58","guid":{"rendered":"http:\/\/implementadiy.com\/?page_id=1874"},"modified":"2014-09-25T17:15:58","modified_gmt":"2014-09-25T17:15:58","slug":"datenschutzrichtlinie","status":"publish","type":"page","link":"https:\/\/implementahc.com\/en\/datenschutzrichtlinie\/","title":{"rendered":"Datenschutzrichtlinie"},"content":{"rendered":"<p>Jegliche Konversation mit Implementa DIY, ob \u00fcber Ihre email oder \u00fcber die auf der Website vorhandenen Kontaktformulare, unterliegt dem Einverst\u00e4ndnis, dass Ihre pers\u00f6nlichen Daten in die Datei von Implementa DIY aufgenommen werden.<\/p>\n<p>Diese pers\u00f6nlichen Daten werden ausschlie\u00dflich zufolge des Grundgesetzes 15\/1999, 13.Dezember, bez\u00fcglich des pers\u00f6nlichen Datenschutzprogrammes verwendet.<\/p>\n<p>Daher bleibt dem Interessenten das Recht auf Zugriff, Berichtigung, K\u00fcndigung und Widerspruch, der in der Datei gespeicherten pers\u00f6nlichen Daten und kann die Einwilligung zu jeder Zeit schriftlich k\u00fcndigen. Um diese K\u00fcndigung durchzuf\u00fchren, <a href=\"https:\/\/implementahc.com\/en\/kontakt\/\" title=\"KONTAKT\">schreiben Sie bitte<\/a>.<\/p>\n","protected":false},"excerpt":{"rendered":"<p>Jegliche Konversation mit Implementa DIY, ob \u00fcber Ihre email oder \u00fcber die auf der Website vorhandenen Kontaktformulare, unterliegt dem Einverst\u00e4ndnis, dass Ihre pers\u00f6nlichen Daten in die Datei von Implementa DIY aufgenommen werden. Diese pers\u00f6nlichen Daten werden ausschlie\u00dflich zufolge des Grundgesetzes 15\/1999, 13.Dezember, bez\u00fcglich des pers\u00f6nlichen Datenschutzprogrammes verwendet. Daher bleibt dem Interessenten das Recht auf Zugriff, [&hellip;]<\/p>\n","protected":false},"author":1,"featured_media":0,"parent":0,"menu_order":0,"comment_status":"open","ping_status":"open","template":"","meta":{"footnotes":""},"class_list":["post-1874","page","type-page","status-publish","hentry"],"_links":{"self":[{"href":"https:\/\/implementahc.com\/en\/wp-json\/wp\/v2\/pages\/1874","targetHints":{"allow":["GET"]}}],"collection":[{"href":"https:\/\/implementahc.com\/en\/wp-json\/wp\/v2\/pages"}],"about":[{"href":"https:\/\/implementahc.com\/en\/wp-json\/wp\/v2\/types\/page"}],"author":[{"embeddable":true,"href":"https:\/\/implementahc.com\/en\/wp-json\/wp\/v2\/users\/1"}],"replies":[{"embeddable":true,"href":"https:\/\/implementahc.com\/en\/wp-json\/wp\/v2\/comments?post=1874"}],"version-history":[{"count":0,"href":"https:\/\/implementahc.com\/en\/wp-json\/wp\/v2\/pages\/1874\/revisions"}],"wp:attachment":[{"href":"https:\/\/implementahc.com\/en\/wp-json\/wp\/v2\/media?parent=1874"}],"curies":[{"name":"wp","href":"https:\/\/api.w.org\/{rel}","templated":true}]}}