{"id":1876,"date":"2014-09-25T17:17:45","date_gmt":"2014-09-25T17:17:45","guid":{"rendered":"http:\/\/implementadiy.com\/?page_id=1876"},"modified":"2014-09-25T17:17:45","modified_gmt":"2014-09-25T17:17:45","slug":"cookies","status":"publish","type":"page","link":"https:\/\/implementahc.com\/en\/cookies\/","title":{"rendered":"Cookies"},"content":{"rendered":"<p>Wir benutzen Cookies um das Bedienen der Webseite einfacher zu machen. Die Cookies sind kleine Textdateien die Ihr Browser auf der Festplatte speichert und die f\u00fcr die Benutzung unserer Webseite n\u00f6tig sind. Wir benutzen diese Cookies um besser zu verstehen wie unsere Webseite genutzt wird und k\u00f6nnen folglich auf diesem Wege das Surfen erleichtern und verbessern.<\/p>\n<p>Die Cookies sind unsere Referenz die uns z.B. anzeigt, ob eine unserer Webseiten schon vorher besucht wurde, oder ob es ein neuer, oder ein wiederholender Besuch ist. <\/p>\n<p>Die Cookies, die wir benutzen, speichern keinerlei pers\u00f6nliche Daten oder jegliche Form an Information die Sie identifizieren k\u00f6nnte.<\/p>\n<p>Falls Sie die Cookies nicht erhalten m\u00f6chten, konfigurieren Sie bitte ihren Internetbrowser so, dass er die Cookies von ihrer Festplatte l\u00f6scht, sie blockiert oder Sie warnt, falls Installationen anstehen.<\/p>\n<p>\u2022\tInternet Explorer<br \/>\nwindows.microsoft.com\/es-xl\/internet-explorer\/delete-manage-cookies#ie=\u201die-10<br \/>\n\u2022\tFireFox:<br \/>\nsupport.mozilla.org\/es\/kb\/Borrar%20cookies<br \/>\n\u2022\tChrome:<br \/>\nhttps:\/\/support.google.com\/chrome\/answer\/95647?hl=es<br \/>\n\u2022\tSafari:<br \/>\nwww.apple.com\/es\/privacy\/use-of-cookies<\/p>\n","protected":false},"excerpt":{"rendered":"<p>Wir benutzen Cookies um das Bedienen der Webseite einfacher zu machen. Die Cookies sind kleine Textdateien die Ihr Browser auf der Festplatte speichert und die f\u00fcr die Benutzung unserer Webseite n\u00f6tig sind. Wir benutzen diese Cookies um besser zu verstehen wie unsere Webseite genutzt wird und k\u00f6nnen folglich auf diesem Wege das Surfen erleichtern und [&hellip;]<\/p>\n","protected":false},"author":1,"featured_media":0,"parent":0,"menu_order":0,"comment_status":"closed","ping_status":"open","template":"","meta":{"footnotes":""},"class_list":["post-1876","page","type-page","status-publish","hentry"],"_links":{"self":[{"href":"https:\/\/implementahc.com\/en\/wp-json\/wp\/v2\/pages\/1876","targetHints":{"allow":["GET"]}}],"collection":[{"href":"https:\/\/implementahc.com\/en\/wp-json\/wp\/v2\/pages"}],"about":[{"href":"https:\/\/implementahc.com\/en\/wp-json\/wp\/v2\/types\/page"}],"author":[{"embeddable":true,"href":"https:\/\/implementahc.com\/en\/wp-json\/wp\/v2\/users\/1"}],"replies":[{"embeddable":true,"href":"https:\/\/implementahc.com\/en\/wp-json\/wp\/v2\/comments?post=1876"}],"version-history":[{"count":0,"href":"https:\/\/implementahc.com\/en\/wp-json\/wp\/v2\/pages\/1876\/revisions"}],"wp:attachment":[{"href":"https:\/\/implementahc.com\/en\/wp-json\/wp\/v2\/media?parent=1876"}],"curies":[{"name":"wp","href":"https:\/\/api.w.org\/{rel}","templated":true}]}}